{"id":845,"date":"2021-08-23T10:13:07","date_gmt":"2021-08-23T10:13:07","guid":{"rendered":"https:\/\/tts.creare-siteweb.ro\/?page_id=845"},"modified":"2021-08-26T13:03:12","modified_gmt":"2021-08-26T13:03:12","slug":"sustenabilitate","status":"publish","type":"page","link":"https:\/\/tts-tools.ro\/en\/sustenabilitate\/","title":{"rendered":"SUSTENABILITATE"},"content":{"rendered":"<div data-elementor-type=\"wp-page\" data-elementor-id=\"845\" class=\"elementor elementor-845\" data-elementor-post-type=\"page\">\n\t\t\t\t\t\t<section class=\"elementor-section elementor-top-section elementor-element elementor-element-50d1d27 elementor-section-boxed elementor-section-height-default elementor-section-height-default\" data-id=\"50d1d27\" data-element_type=\"section\">\n\t\t\t\t\t\t<div class=\"elementor-container elementor-column-gap-default\">\n\t\t\t\t\t<div class=\"elementor-column elementor-col-100 elementor-top-column elementor-element elementor-element-a68b02e\" data-id=\"a68b02e\" data-element_type=\"column\">\n\t\t\t<div class=\"elementor-widget-wrap elementor-element-populated\">\n\t\t\t\t\t\t<div class=\"elementor-element elementor-element-02ae7de elementor-widget elementor-widget-heading\" data-id=\"02ae7de\" data-element_type=\"widget\" data-widget_type=\"heading.default\">\n\t\t\t\t<div class=\"elementor-widget-container\">\n\t\t\t<h2 class=\"elementor-heading-title elementor-size-default\">Sustainability &amp; Responsibility<\/h2>\t\t<\/div>\n\t\t\t\t<\/div>\n\t\t\t\t<div class=\"elementor-element elementor-element-88e8ee5 elementor-widget-divider--view-line elementor-widget elementor-widget-divider\" data-id=\"88e8ee5\" data-element_type=\"widget\" data-widget_type=\"divider.default\">\n\t\t\t\t<div class=\"elementor-widget-container\">\n\t\t\t\t\t<div class=\"elementor-divider\">\n\t\t\t<span class=\"elementor-divider-separator\">\n\t\t\t\t\t\t<\/span>\n\t\t<\/div>\n\t\t\t\t<\/div>\n\t\t\t\t<\/div>\n\t\t\t\t<section class=\"elementor-section elementor-inner-section elementor-element elementor-element-63eea34 elementor-section-boxed elementor-section-height-default elementor-section-height-default\" data-id=\"63eea34\" data-element_type=\"section\">\n\t\t\t\t\t\t<div class=\"elementor-container elementor-column-gap-default\">\n\t\t\t\t\t<div class=\"elementor-column elementor-col-33 elementor-inner-column elementor-element elementor-element-798ba1f\" data-id=\"798ba1f\" data-element_type=\"column\">\n\t\t\t<div class=\"elementor-widget-wrap\">\n\t\t\t\t\t\t\t<\/div>\n\t\t<\/div>\n\t\t\t\t<div class=\"elementor-column elementor-col-33 elementor-inner-column elementor-element elementor-element-1a220a6\" data-id=\"1a220a6\" data-element_type=\"column\">\n\t\t\t<div class=\"elementor-widget-wrap elementor-element-populated\">\n\t\t\t\t\t\t<div class=\"elementor-element elementor-element-8fa1f20 elementor-widget elementor-widget-text-editor\" data-id=\"8fa1f20\" data-element_type=\"widget\" data-widget_type=\"text-editor.default\">\n\t\t\t\t<div class=\"elementor-widget-container\">\n\t\t\t\t\t\t\t<p><strong>1. ENVIRONMENT<\/strong><br \/><strong>2. HEALTH &amp; SAFETY<\/strong><br \/><strong>3. QUALITY<\/strong><\/p>\t\t\t\t\t\t<\/div>\n\t\t\t\t<\/div>\n\t\t\t\t\t<\/div>\n\t\t<\/div>\n\t\t\t\t<div class=\"elementor-column elementor-col-33 elementor-inner-column elementor-element elementor-element-9940470\" data-id=\"9940470\" data-element_type=\"column\">\n\t\t\t<div class=\"elementor-widget-wrap\">\n\t\t\t\t\t\t\t<\/div>\n\t\t<\/div>\n\t\t\t\t\t<\/div>\n\t\t<\/section>\n\t\t\t\t<section class=\"elementor-section elementor-inner-section elementor-element elementor-element-05845b5 elementor-section-boxed elementor-section-height-default elementor-section-height-default\" data-id=\"05845b5\" data-element_type=\"section\">\n\t\t\t\t\t\t<div class=\"elementor-container elementor-column-gap-default\">\n\t\t\t\t\t<div class=\"elementor-column elementor-col-50 elementor-inner-column elementor-element elementor-element-6692645\" data-id=\"6692645\" data-element_type=\"column\">\n\t\t\t<div class=\"elementor-widget-wrap elementor-element-populated\">\n\t\t\t\t\t\t<div class=\"elementor-element elementor-element-648d9b2 elementor-widget elementor-widget-text-editor\" data-id=\"648d9b2\" data-element_type=\"widget\" data-widget_type=\"text-editor.default\">\n\t\t\t\t<div class=\"elementor-widget-container\">\n\t\t\t\t\t\t\t<p><strong>1. ENVIRONMENT<\/strong><\/p>\t\t\t\t\t\t<\/div>\n\t\t\t\t<\/div>\n\t\t\t\t<div class=\"elementor-element elementor-element-a1ddf36 elementor-widget elementor-widget-text-editor\" data-id=\"a1ddf36\" data-element_type=\"widget\" data-widget_type=\"text-editor.default\">\n\t\t\t\t<div class=\"elementor-widget-container\">\n\t\t\t\t\t\t\t<p><strong>Regrinding parts<\/strong><\/p><p>Your used tool is in good hands with us, you will receive back the rectified tool, covered with the original geometry, ready to use again on the machine.<br \/>Our recommendation is to make a maximum of 3 reconditions on a tool, thus obtaining performances between 95-99% like a new tool.<br \/>The biggest advantage of this service is the reduction of production costs.<\/p>\t\t\t\t\t\t<\/div>\n\t\t\t\t<\/div>\n\t\t\t\t\t<\/div>\n\t\t<\/div>\n\t\t\t\t<div class=\"elementor-column elementor-col-50 elementor-inner-column elementor-element elementor-element-4030b84\" data-id=\"4030b84\" data-element_type=\"column\">\n\t\t\t<div class=\"elementor-widget-wrap elementor-element-populated\">\n\t\t\t\t\t\t<div class=\"elementor-element elementor-element-a48f309 elementor-widget elementor-widget-image\" data-id=\"a48f309\" data-element_type=\"widget\" data-widget_type=\"image.default\">\n\t\t\t\t<div class=\"elementor-widget-container\">\n\t\t\t\t\t\t\t\t\t\t\t\t\t<img decoding=\"async\" src=\"https:\/\/tts-tools.ro\/wp-content\/uploads\/2021\/08\/reascutire-Reconditionare-1.png\" title=\"reascutire &#8211; Reconditionare\" alt=\"reascutire - Reconditionare\" loading=\"lazy\" \/>\t\t\t\t\t\t\t\t\t\t\t\t\t<\/div>\n\t\t\t\t<\/div>\n\t\t\t\t\t<\/div>\n\t\t<\/div>\n\t\t\t\t\t<\/div>\n\t\t<\/section>\n\t\t\t\t<section class=\"elementor-section elementor-inner-section elementor-element elementor-element-6702901 elementor-section-boxed elementor-section-height-default elementor-section-height-default\" data-id=\"6702901\" data-element_type=\"section\">\n\t\t\t\t\t\t<div class=\"elementor-container elementor-column-gap-default\">\n\t\t\t\t\t<div class=\"elementor-column elementor-col-50 elementor-inner-column elementor-element elementor-element-a305d80\" data-id=\"a305d80\" data-element_type=\"column\">\n\t\t\t<div class=\"elementor-widget-wrap elementor-element-populated\">\n\t\t\t\t\t\t<div class=\"elementor-element elementor-element-d03d222 elementor-widget elementor-widget-text-editor\" data-id=\"d03d222\" data-element_type=\"widget\" data-widget_type=\"text-editor.default\">\n\t\t\t\t<div class=\"elementor-widget-container\">\n\t\t\t\t\t\t\t<p><strong>Carbide Recycling<\/strong><\/p><p>When the tool shows major wear and tear and can no longer be used, refurbished, we come to the aid of customers with the carbide recycling service.<\/p>\t\t\t\t\t\t<\/div>\n\t\t\t\t<\/div>\n\t\t\t\t<div class=\"elementor-element elementor-element-da2df8f elementor-widget elementor-widget-text-editor\" data-id=\"da2df8f\" data-element_type=\"widget\" data-widget_type=\"text-editor.default\">\n\t\t\t\t<div class=\"elementor-widget-container\">\n\t\t\t\t\t\t\t<p>2. HEALTH &amp; SAFETY<\/p>\t\t\t\t\t\t<\/div>\n\t\t\t\t<\/div>\n\t\t\t\t<div class=\"elementor-element elementor-element-8e1801e elementor-widget elementor-widget-text-editor\" data-id=\"8e1801e\" data-element_type=\"widget\" data-widget_type=\"text-editor.default\">\n\t\t\t\t<div class=\"elementor-widget-container\">\n\t\t\t\t\t\t\t<p>We take preventive measures to avoid accidents or to minimize their impact, we provide them with specific information, safety training. We believe that a high level of safety also contributes to the company\u2019s success and offers benefits beyond risk management.<\/p>\t\t\t\t\t\t<\/div>\n\t\t\t\t<\/div>\n\t\t\t\t\t<\/div>\n\t\t<\/div>\n\t\t\t\t<div class=\"elementor-column elementor-col-50 elementor-inner-column elementor-element elementor-element-3e7a4ff\" data-id=\"3e7a4ff\" data-element_type=\"column\">\n\t\t\t<div class=\"elementor-widget-wrap elementor-element-populated\">\n\t\t\t\t\t\t<div class=\"elementor-element elementor-element-4d1b24f elementor-widget elementor-widget-image\" data-id=\"4d1b24f\" data-element_type=\"widget\" data-widget_type=\"image.default\">\n\t\t\t\t<div class=\"elementor-widget-container\">\n\t\t\t\t\t\t\t\t\t\t\t\t\t<img decoding=\"async\" src=\"https:\/\/tts-tools.ro\/wp-content\/uploads\/2021\/08\/HERO_Recycling.jpg\" title=\"HERO_Recycling\" alt=\"HERO_Recycling\" loading=\"lazy\" \/>\t\t\t\t\t\t\t\t\t\t\t\t\t<\/div>\n\t\t\t\t<\/div>\n\t\t\t\t\t<\/div>\n\t\t<\/div>\n\t\t\t\t\t<\/div>\n\t\t<\/section>\n\t\t\t\t<section class=\"elementor-section elementor-inner-section elementor-element elementor-element-2eef685 elementor-section-boxed elementor-section-height-default elementor-section-height-default\" data-id=\"2eef685\" data-element_type=\"section\">\n\t\t\t\t\t\t<div class=\"elementor-container elementor-column-gap-default\">\n\t\t\t\t\t<div class=\"elementor-column elementor-col-50 elementor-inner-column elementor-element elementor-element-a3bfbdb\" data-id=\"a3bfbdb\" data-element_type=\"column\">\n\t\t\t<div class=\"elementor-widget-wrap elementor-element-populated\">\n\t\t\t\t\t\t<div class=\"elementor-element elementor-element-789dc82 elementor-widget elementor-widget-text-editor\" data-id=\"789dc82\" data-element_type=\"widget\" data-widget_type=\"text-editor.default\">\n\t\t\t\t<div class=\"elementor-widget-container\">\n\t\t\t\t\t\t\t<p>3. QUALITY<\/p><p>Quality Management<\/p>\t\t\t\t\t\t<\/div>\n\t\t\t\t<\/div>\n\t\t\t\t<div class=\"elementor-element elementor-element-34a348c elementor-widget elementor-widget-text-editor\" data-id=\"34a348c\" data-element_type=\"widget\" data-widget_type=\"text-editor.default\">\n\t\t\t\t<div class=\"elementor-widget-container\">\n\t\t\t\t\t\t\t<p>We attach great importance to the quality of our products, which is why we considered that in order to achieve our quality objective it is necessary to obtain ISO 9001 accreditation. Quality management based on ISO 9001 is designed to ensure high quality processes and services, representing the stronger body certifying the quality standard.<\/p>\t\t\t\t\t\t<\/div>\n\t\t\t\t<\/div>\n\t\t\t\t<div class=\"elementor-element elementor-element-adb7e3b elementor-align-left elementor-widget elementor-widget-button\" data-id=\"adb7e3b\" data-element_type=\"widget\" data-widget_type=\"button.default\">\n\t\t\t\t<div class=\"elementor-widget-container\">\n\t\t\t\t\t<div class=\"elementor-button-wrapper\">\n\t\t\t<a class=\"elementor-button elementor-button-link elementor-size-sm elementor-animation-float\" href=\"\/wp-content\/uploads\/2021\/08\/certificat-ISO-dimploma.pdf\" target=\"_blank\">\n\t\t\t\t\t\t<span class=\"elementor-button-content-wrapper\">\n\t\t\t\t\t\t<span class=\"elementor-button-icon elementor-align-icon-left\">\n\t\t\t\t<i aria-hidden=\"true\" class=\"fas fa-file-pdf\"><\/i>\t\t\t<\/span>\n\t\t\t\t\t\t<span class=\"elementor-button-text\">DOWNLOAD<\/span>\n\t\t<\/span>\n\t\t\t\t\t<\/a>\n\t\t<\/div>\n\t\t\t\t<\/div>\n\t\t\t\t<\/div>\n\t\t\t\t\t<\/div>\n\t\t<\/div>\n\t\t\t\t<div class=\"elementor-column elementor-col-50 elementor-inner-column elementor-element elementor-element-84358a1\" data-id=\"84358a1\" data-element_type=\"column\">\n\t\t\t<div class=\"elementor-widget-wrap elementor-element-populated\">\n\t\t\t\t\t\t<div class=\"elementor-element elementor-element-452075c elementor-widget elementor-widget-image\" data-id=\"452075c\" data-element_type=\"widget\" data-widget_type=\"image.default\">\n\t\t\t\t<div class=\"elementor-widget-container\">\n\t\t\t\t\t\t\t\t\t\t\t\t\t<img fetchpriority=\"high\" decoding=\"async\" width=\"636\" height=\"419\" src=\"https:\/\/tts-tools.ro\/wp-content\/uploads\/2021\/08\/Capture-2-1.png\" class=\"attachment-full size-full wp-image-1134\" alt=\"\" srcset=\"https:\/\/tts-tools.ro\/wp-content\/uploads\/2021\/08\/Capture-2-1.png 636w, https:\/\/tts-tools.ro\/wp-content\/uploads\/2021\/08\/Capture-2-1-300x198.png 300w\" sizes=\"(max-width: 636px) 100vw, 636px\" \/>\t\t\t\t\t\t\t\t\t\t\t\t\t<\/div>\n\t\t\t\t<\/div>\n\t\t\t\t\t<\/div>\n\t\t<\/div>\n\t\t\t\t\t<\/div>\n\t\t<\/section>\n\t\t\t\t<section class=\"elementor-section elementor-inner-section elementor-element elementor-element-678bd09 elementor-section-boxed elementor-section-height-default elementor-section-height-default\" data-id=\"678bd09\" data-element_type=\"section\">\n\t\t\t\t\t\t<div class=\"elementor-container elementor-column-gap-default\">\n\t\t\t\t\t<div class=\"elementor-column elementor-col-50 elementor-inner-column elementor-element elementor-element-7bb1cb0\" data-id=\"7bb1cb0\" data-element_type=\"column\">\n\t\t\t<div class=\"elementor-widget-wrap elementor-element-populated\">\n\t\t\t\t\t\t<div class=\"elementor-element elementor-element-1bf8c09 elementor-widget elementor-widget-image\" data-id=\"1bf8c09\" data-element_type=\"widget\" data-widget_type=\"image.default\">\n\t\t\t\t<div class=\"elementor-widget-container\">\n\t\t\t\t\t\t\t\t\t\t\t\t\t<img decoding=\"async\" width=\"596\" height=\"843\" src=\"https:\/\/tts-tools.ro\/wp-content\/uploads\/2021\/08\/Capture-certificat-ISO.png\" class=\"attachment-large size-large wp-image-792\" alt=\"\" srcset=\"https:\/\/tts-tools.ro\/wp-content\/uploads\/2021\/08\/Capture-certificat-ISO.png 596w, https:\/\/tts-tools.ro\/wp-content\/uploads\/2021\/08\/Capture-certificat-ISO-212x300.png 212w\" sizes=\"(max-width: 596px) 100vw, 596px\" \/>\t\t\t\t\t\t\t\t\t\t\t\t\t<\/div>\n\t\t\t\t<\/div>\n\t\t\t\t\t<\/div>\n\t\t<\/div>\n\t\t\t\t<div class=\"elementor-column elementor-col-50 elementor-inner-column elementor-element elementor-element-2b21a1a\" data-id=\"2b21a1a\" data-element_type=\"column\">\n\t\t\t<div class=\"elementor-widget-wrap elementor-element-populated\">\n\t\t\t\t\t\t<div class=\"elementor-element elementor-element-66648d2 elementor-widget elementor-widget-image\" data-id=\"66648d2\" data-element_type=\"widget\" data-widget_type=\"image.default\">\n\t\t\t\t<div class=\"elementor-widget-container\">\n\t\t\t\t\t\t\t\t\t\t\t\t\t<img decoding=\"async\" width=\"300\" height=\"448\" src=\"https:\/\/tts-tools.ro\/wp-content\/uploads\/2021\/08\/certificat-Dekra.png\" class=\"attachment-large size-large wp-image-1121\" alt=\"\" srcset=\"https:\/\/tts-tools.ro\/wp-content\/uploads\/2021\/08\/certificat-Dekra.png 300w, https:\/\/tts-tools.ro\/wp-content\/uploads\/2021\/08\/certificat-Dekra-201x300.png 201w\" sizes=\"(max-width: 300px) 100vw, 300px\" \/>\t\t\t\t\t\t\t\t\t\t\t\t\t<\/div>\n\t\t\t\t<\/div>\n\t\t\t\t\t<\/div>\n\t\t<\/div>\n\t\t\t\t\t<\/div>\n\t\t<\/section>\n\t\t\t\t\t<\/div>\n\t\t<\/div>\n\t\t\t\t\t<\/div>\n\t\t<\/section>\n\t\t\t\t<\/div>","protected":false},"excerpt":{"rendered":"<p>Sustenabilitate &#038; responsabilitate 1. MEDIUL \u00ceNCONJUR\u0102TOR2. S\u0102N\u0102TATE &amp; SIGURAN\u021a\u01023. CALITATE 1. MEDIUL \u00ceNCONJUR\u0102TOR Recondi\u021bionare piese Scula dumneavoastr\u0103 uzat\u0103 este pe m\u00e2ini bune la noi, ve\u021bi primi \u00eenapoi scula rectificat\u0103, acoperit\u0103 cu geometria original\u0103, gata de utilizat din nou pe ma\u0219in\u0103.Recomandarea noastr\u0103 este s\u0103 se fac\u0103 maxim 3 recondi\u021bion\u0103ri pe o scul\u0103 ob\u021bin\u00e2ndu-se astfel, performante \u00eentre &hellip;<\/p>\n<p class=\"read-more\"> <a class=\"\" href=\"https:\/\/tts-tools.ro\/en\/sustenabilitate\/\"> <span class=\"screen-reader-text\">SUSTENABILITATE<\/span> Read More &raquo;<\/a><\/p>","protected":false},"author":1,"featured_media":0,"parent":0,"menu_order":0,"comment_status":"closed","ping_status":"closed","template":"","meta":{"footnotes":""},"_links":{"self":[{"href":"https:\/\/tts-tools.ro\/en\/wp-json\/wp\/v2\/pages\/845"}],"collection":[{"href":"https:\/\/tts-tools.ro\/en\/wp-json\/wp\/v2\/pages"}],"about":[{"href":"https:\/\/tts-tools.ro\/en\/wp-json\/wp\/v2\/types\/page"}],"author":[{"embeddable":true,"href":"https:\/\/tts-tools.ro\/en\/wp-json\/wp\/v2\/users\/1"}],"replies":[{"embeddable":true,"href":"https:\/\/tts-tools.ro\/en\/wp-json\/wp\/v2\/comments?post=845"}],"version-history":[{"count":37,"href":"https:\/\/tts-tools.ro\/en\/wp-json\/wp\/v2\/pages\/845\/revisions"}],"predecessor-version":[{"id":1141,"href":"https:\/\/tts-tools.ro\/en\/wp-json\/wp\/v2\/pages\/845\/revisions\/1141"}],"wp:attachment":[{"href":"https:\/\/tts-tools.ro\/en\/wp-json\/wp\/v2\/media?parent=845"}],"curies":[{"name":"wp","href":"https:\/\/api.w.org\/{rel}","templated":true}]}}