{"id":72,"date":"2020-12-07T12:12:36","date_gmt":"2020-12-07T12:12:36","guid":{"rendered":"https:\/\/tts.creare-siteweb.ro\/?page_id=72"},"modified":"2025-05-09T08:50:31","modified_gmt":"2025-05-09T08:50:31","slug":"despre-noi","status":"publish","type":"page","link":"https:\/\/tts-tools.ro\/en\/despre-noi\/","title":{"rendered":"About us"},"content":{"rendered":"<div data-elementor-type=\"wp-page\" data-elementor-id=\"72\" class=\"elementor elementor-72\" data-elementor-post-type=\"page\">\n\t\t\t\t\t\t<section class=\"elementor-section elementor-top-section elementor-element elementor-element-00c163f elementor-section-full_width elementor-section-height-default elementor-section-height-default\" data-id=\"00c163f\" data-element_type=\"section\">\n\t\t\t\t\t\t<div class=\"elementor-container elementor-column-gap-no\">\n\t\t\t\t\t<div class=\"elementor-column elementor-col-100 elementor-top-column elementor-element elementor-element-c13f9ba\" data-id=\"c13f9ba\" data-element_type=\"column\">\n\t\t\t<div class=\"elementor-widget-wrap elementor-element-populated\">\n\t\t\t\t\t\t<div class=\"elementor-element elementor-element-7c88be0 elementor--h-position-center elementor--v-position-middle elementor-arrows-position-inside elementor-pagination-position-inside elementor-widget elementor-widget-slides\" data-id=\"7c88be0\" data-element_type=\"widget\" data-settings=\"{&quot;navigation&quot;:&quot;both&quot;,&quot;autoplay&quot;:&quot;yes&quot;,&quot;pause_on_hover&quot;:&quot;yes&quot;,&quot;pause_on_interaction&quot;:&quot;yes&quot;,&quot;autoplay_speed&quot;:5000,&quot;infinite&quot;:&quot;yes&quot;,&quot;transition&quot;:&quot;slide&quot;,&quot;transition_speed&quot;:500}\" data-widget_type=\"slides.default\">\n\t\t\t\t<div class=\"elementor-widget-container\">\n\t\t\t\t\t<div class=\"elementor-swiper\">\n\t\t\t<div class=\"elementor-slides-wrapper elementor-main-swiper swiper\" dir=\"ltr\" data-animation=\"fadeInUp\">\n\t\t\t\t<div class=\"swiper-wrapper elementor-slides\">\n\t\t\t\t\t\t\t\t\t\t<div class=\"elementor-repeater-item-0ae4999 swiper-slide\"><div class=\"swiper-slide-bg\" role=\"img\"><\/div><div class=\"elementor-background-overlay\"><\/div><a class=\"swiper-slide-inner\" href=\"https:\/\/tts-tools.ro\/en\/reciclare-deseuri-carbura\/\"><div class=\"swiper-slide-contents\"><div class=\"elementor-slide-heading\">COMPLETE CIRCUIT: POWDER - FINISHED PRODUCT - CARBIDE RECYCLING<\/div><\/div><\/a><\/div><div class=\"elementor-repeater-item-17ce200 swiper-slide\"><div class=\"swiper-slide-bg\" role=\"img\"><\/div><div class=\"elementor-background-overlay\"><\/div><div class=\"swiper-slide-inner\" ><div class=\"swiper-slide-contents\"><div class=\"elementor-slide-heading\">FULL-RANGE PROVIDER IN THE MACHINING SECTOR<\/div><\/div><\/div><\/div><div class=\"elementor-repeater-item-a1a670c swiper-slide\"><div class=\"swiper-slide-bg\" role=\"img\"><\/div><div class=\"elementor-background-overlay\"><\/div><div class=\"swiper-slide-inner\" ><div class=\"swiper-slide-contents\"><div class=\"elementor-slide-heading\">MAXIMUM PERFORMANCE IN TOOLS AND TECHNICAL SOLUTIONS<\/div><\/div><\/div><\/div>\t\t\t\t<\/div>\n\t\t\t\t\t\t\t\t\t\t\t\t\t\t\t<div class=\"swiper-pagination\"><\/div>\n\t\t\t\t\t\t\t\t\t\t\t\t\t\t\t\t<div class=\"elementor-swiper-button elementor-swiper-button-prev\" role=\"button\" tabindex=\"0\">\n\t\t\t\t\t\t\t<i aria-hidden=\"true\" class=\"eicon-chevron-left\"><\/i>\t\t\t\t\t\t\t<span class=\"elementor-screen-only\">Previous slide<\/span>\n\t\t\t\t\t\t<\/div>\n\t\t\t\t\t\t<div class=\"elementor-swiper-button elementor-swiper-button-next\" role=\"button\" tabindex=\"0\">\n\t\t\t\t\t\t\t<i aria-hidden=\"true\" class=\"eicon-chevron-right\"><\/i>\t\t\t\t\t\t\t<span class=\"elementor-screen-only\">Next slide<\/span>\n\t\t\t\t\t\t<\/div>\n\t\t\t\t\t\t\t\t\t\t\t\t<\/div>\n\t\t<\/div>\n\t\t\t\t<\/div>\n\t\t\t\t<\/div>\n\t\t\t\t\t<\/div>\n\t\t<\/div>\n\t\t\t\t\t<\/div>\n\t\t<\/section>\n\t\t\t\t<section class=\"elementor-section elementor-top-section elementor-element elementor-element-856247f elementor-section-boxed elementor-section-height-default elementor-section-height-default\" data-id=\"856247f\" data-element_type=\"section\">\n\t\t\t\t\t\t<div class=\"elementor-container elementor-column-gap-default\">\n\t\t\t\t\t<div class=\"elementor-column elementor-col-100 elementor-top-column elementor-element elementor-element-0dd5a69\" data-id=\"0dd5a69\" data-element_type=\"column\">\n\t\t\t<div class=\"elementor-widget-wrap elementor-element-populated\">\n\t\t\t\t\t\t<div class=\"elementor-element elementor-element-7824989 elementor-widget elementor-widget-heading\" data-id=\"7824989\" data-element_type=\"widget\" data-widget_type=\"heading.default\">\n\t\t\t\t<div class=\"elementor-widget-container\">\n\t\t\t<h2 class=\"elementor-heading-title elementor-size-default\">About Us\n<\/h2>\t\t<\/div>\n\t\t\t\t<\/div>\n\t\t\t\t<div class=\"elementor-element elementor-element-ed089a0 elementor-widget-divider--view-line elementor-widget elementor-widget-divider\" data-id=\"ed089a0\" data-element_type=\"widget\" data-widget_type=\"divider.default\">\n\t\t\t\t<div class=\"elementor-widget-container\">\n\t\t\t\t\t<div class=\"elementor-divider\">\n\t\t\t<span class=\"elementor-divider-separator\">\n\t\t\t\t\t\t<\/span>\n\t\t<\/div>\n\t\t\t\t<\/div>\n\t\t\t\t<\/div>\n\t\t\t\t<div class=\"elementor-element elementor-element-b37235a elementor-widget elementor-widget-text-editor\" data-id=\"b37235a\" data-element_type=\"widget\" data-widget_type=\"text-editor.default\">\n\t\t\t\t<div class=\"elementor-widget-container\">\n\t\t\t\t\t\t\t<p>With over 11 years of experience in Romania, TOOLS &amp; TECHNICAL SOLUTION (TTS) is the partner that offers complete, customized solutions in the field of cutting tool production, reconditioning and recycling.<\/p>\t\t\t\t\t\t<\/div>\n\t\t\t\t<\/div>\n\t\t\t\t<div class=\"elementor-element elementor-element-c00733d elementor-widget elementor-widget-text-editor\" data-id=\"c00733d\" data-element_type=\"widget\" data-widget_type=\"text-editor.default\">\n\t\t\t\t<div class=\"elementor-widget-container\">\n\t\t\t\t\t\t\t<p>Our main partner CERATIZIT is a global manufacturer recognized for quality, active in over 25 countries around the world with 100 years of experience.<\/p>\t\t\t\t\t\t<\/div>\n\t\t\t\t<\/div>\n\t\t\t\t\t<\/div>\n\t\t<\/div>\n\t\t\t\t\t<\/div>\n\t\t<\/section>\n\t\t\t\t<section class=\"elementor-section elementor-top-section elementor-element elementor-element-b5ba392 elementor-section-boxed elementor-section-height-default elementor-section-height-default\" data-id=\"b5ba392\" data-element_type=\"section\">\n\t\t\t\t\t\t<div class=\"elementor-container elementor-column-gap-default\">\n\t\t\t\t\t<div class=\"elementor-column elementor-col-50 elementor-top-column elementor-element elementor-element-6ad0dfe\" data-id=\"6ad0dfe\" data-element_type=\"column\">\n\t\t\t<div class=\"elementor-widget-wrap elementor-element-populated\">\n\t\t\t\t\t\t<div class=\"elementor-element elementor-element-f7e024f elementor-widget elementor-widget-image\" data-id=\"f7e024f\" data-element_type=\"widget\" data-widget_type=\"image.default\">\n\t\t\t\t<div class=\"elementor-widget-container\">\n\t\t\t\t\t\t\t\t\t\t\t\t\t<img fetchpriority=\"high\" decoding=\"async\" width=\"1600\" height=\"1271\" src=\"https:\/\/tts-tools.ro\/wp-content\/uploads\/2025\/05\/WhatsApp-Image-2025-05-08-at-15.44.07_534b3839.jpg\" class=\"attachment-full size-full wp-image-2746\" alt=\"\" srcset=\"https:\/\/tts-tools.ro\/wp-content\/uploads\/2025\/05\/WhatsApp-Image-2025-05-08-at-15.44.07_534b3839.jpg 1600w, https:\/\/tts-tools.ro\/wp-content\/uploads\/2025\/05\/WhatsApp-Image-2025-05-08-at-15.44.07_534b3839-300x238.jpg 300w, https:\/\/tts-tools.ro\/wp-content\/uploads\/2025\/05\/WhatsApp-Image-2025-05-08-at-15.44.07_534b3839-1024x813.jpg 1024w, https:\/\/tts-tools.ro\/wp-content\/uploads\/2025\/05\/WhatsApp-Image-2025-05-08-at-15.44.07_534b3839-768x610.jpg 768w, https:\/\/tts-tools.ro\/wp-content\/uploads\/2025\/05\/WhatsApp-Image-2025-05-08-at-15.44.07_534b3839-1536x1220.jpg 1536w, https:\/\/tts-tools.ro\/wp-content\/uploads\/2025\/05\/WhatsApp-Image-2025-05-08-at-15.44.07_534b3839-15x12.jpg 15w\" sizes=\"(max-width: 1600px) 100vw, 1600px\" \/>\t\t\t\t\t\t\t\t\t\t\t\t\t<\/div>\n\t\t\t\t<\/div>\n\t\t\t\t\t<\/div>\n\t\t<\/div>\n\t\t\t\t<div class=\"elementor-column elementor-col-50 elementor-top-column elementor-element elementor-element-758e35b\" data-id=\"758e35b\" data-element_type=\"column\">\n\t\t\t<div class=\"elementor-widget-wrap elementor-element-populated\">\n\t\t\t\t\t\t<div class=\"elementor-element elementor-element-0ca1513 elementor-widget elementor-widget-image\" data-id=\"0ca1513\" data-element_type=\"widget\" data-widget_type=\"image.default\">\n\t\t\t\t<div class=\"elementor-widget-container\">\n\t\t\t\t\t\t\t\t\t\t\t\t\t<img decoding=\"async\" width=\"634\" height=\"320\" src=\"https:\/\/tts-tools.ro\/wp-content\/uploads\/2021\/08\/abc-1-e1746780509800.png\" class=\"attachment-full size-full wp-image-776\" alt=\"\" srcset=\"https:\/\/tts-tools.ro\/wp-content\/uploads\/2021\/08\/abc-1-e1746780509800.png 634w, https:\/\/tts-tools.ro\/wp-content\/uploads\/2021\/08\/abc-1-e1746780509800-300x151.png 300w, https:\/\/tts-tools.ro\/wp-content\/uploads\/2021\/08\/abc-1-e1746780509800-18x9.png 18w\" sizes=\"(max-width: 634px) 100vw, 634px\" \/>\t\t\t\t\t\t\t\t\t\t\t\t\t<\/div>\n\t\t\t\t<\/div>\n\t\t\t\t<div class=\"elementor-element elementor-element-0fe45d3 elementor-absolute elementor-widget elementor-widget-image\" data-id=\"0fe45d3\" data-element_type=\"widget\" data-settings=\"{&quot;_position&quot;:&quot;absolute&quot;}\" data-widget_type=\"image.default\">\n\t\t\t\t<div class=\"elementor-widget-container\">\n\t\t\t\t\t\t\t\t\t\t\t\t\t<img decoding=\"async\" width=\"300\" height=\"448\" src=\"https:\/\/tts-tools.ro\/wp-content\/uploads\/2021\/08\/certificat-Dekra.png\" class=\"attachment-large size-large wp-image-1121\" alt=\"\" srcset=\"https:\/\/tts-tools.ro\/wp-content\/uploads\/2021\/08\/certificat-Dekra.png 300w, https:\/\/tts-tools.ro\/wp-content\/uploads\/2021\/08\/certificat-Dekra-201x300.png 201w\" sizes=\"(max-width: 300px) 100vw, 300px\" \/>\t\t\t\t\t\t\t\t\t\t\t\t\t<\/div>\n\t\t\t\t<\/div>\n\t\t\t\t\t<\/div>\n\t\t<\/div>\n\t\t\t\t\t<\/div>\n\t\t<\/section>\n\t\t\t\t<section class=\"elementor-section elementor-top-section elementor-element elementor-element-18c4392 elementor-section-boxed elementor-section-height-default elementor-section-height-default\" data-id=\"18c4392\" data-element_type=\"section\">\n\t\t\t\t\t\t<div class=\"elementor-container elementor-column-gap-default\">\n\t\t\t\t\t<div class=\"elementor-column elementor-col-100 elementor-top-column elementor-element elementor-element-cc473fd\" data-id=\"cc473fd\" data-element_type=\"column\">\n\t\t\t<div class=\"elementor-widget-wrap elementor-element-populated\">\n\t\t\t\t\t\t<div class=\"elementor-element elementor-element-96b54b2 elementor-widget elementor-widget-heading\" data-id=\"96b54b2\" data-element_type=\"widget\" data-widget_type=\"heading.default\">\n\t\t\t\t<div class=\"elementor-widget-container\">\n\t\t\t<h2 class=\"elementor-heading-title elementor-size-default\">Services:<\/h2>\t\t<\/div>\n\t\t\t\t<\/div>\n\t\t\t\t<div class=\"elementor-element elementor-element-913d5e2 elementor-icon-list--layout-traditional elementor-list-item-link-full_width elementor-widget elementor-widget-icon-list\" data-id=\"913d5e2\" data-element_type=\"widget\" data-widget_type=\"icon-list.default\">\n\t\t\t\t<div class=\"elementor-widget-container\">\n\t\t\t\t\t<ul class=\"elementor-icon-list-items\">\n\t\t\t\t\t\t\t<li class=\"elementor-icon-list-item\">\n\t\t\t\t\t\t\t\t\t\t\t<span class=\"elementor-icon-list-icon\">\n\t\t\t\t\t\t\t<i aria-hidden=\"true\" class=\"fas fa-user-cog\"><\/i>\t\t\t\t\t\t<\/span>\n\t\t\t\t\t\t\t\t\t\t<span class=\"elementor-icon-list-text\"><b>Technical consultancy:<\/b> The accumulated practical experience of TTS engineers, correlated with the know-how obtained from specialized technical trainings, gives them the ability to evaluate the client's needs and offer guidance towards the most effective solutions.<\/span>\n\t\t\t\t\t\t\t\t\t<\/li>\n\t\t\t\t\t\t\t\t<li class=\"elementor-icon-list-item\">\n\t\t\t\t\t\t\t\t\t\t\t<span class=\"elementor-icon-list-icon\">\n\t\t\t\t\t\t\t<i aria-hidden=\"true\" class=\"fas fa-screwdriver\"><\/i>\t\t\t\t\t\t<\/span>\n\t\t\t\t\t\t\t\t\t\t<span class=\"elementor-icon-list-text\"><b>Cutting tools production:<\/b> We specialize in the design and manufacture of customized tools, tailored to your technical specifications and requirements.<\/span>\n\t\t\t\t\t\t\t\t\t<\/li>\n\t\t\t\t\t\t\t\t<li class=\"elementor-icon-list-item\">\n\t\t\t\t\t\t\t\t\t\t\t<span class=\"elementor-icon-list-icon\">\n\t\t\t\t\t\t\t<i aria-hidden=\"true\" class=\"fas fa-tools\"><\/i>\t\t\t\t\t\t<\/span>\n\t\t\t\t\t\t\t\t\t\t<span class=\"elementor-icon-list-text\"><b>Reconditioning of tools on CNC machines:<\/b> We offer reconditioning services for used tools, thus extending their lifespan and reducing replacement costs. Through advanced grinding and coating techniques, tools can be brought to a performance level almost identical to their original.<\/span>\n\t\t\t\t\t\t\t\t\t<\/li>\n\t\t\t\t\t\t\t\t<li class=\"elementor-icon-list-item\">\n\t\t\t\t\t\t\t\t\t\t\t<span class=\"elementor-icon-list-icon\">\n\t\t\t\t\t\t\t<i aria-hidden=\"true\" class=\"fas fa-recycle\"><\/i>\t\t\t\t\t\t<\/span>\n\t\t\t\t\t\t\t\t\t\t<span class=\"elementor-icon-list-text\"><b>Recycling of carbide waste:<\/b> In a context where sustainability and resource efficiency are becoming increasingly important, we can help you recycle old or damaged tools, thus contributing to reducing waste and saving raw materials.<\/span>\n\t\t\t\t\t\t\t\t\t<\/li>\n\t\t\t\t\t\t<\/ul>\n\t\t\t\t<\/div>\n\t\t\t\t<\/div>\n\t\t\t\t\t<\/div>\n\t\t<\/div>\n\t\t\t\t\t<\/div>\n\t\t<\/section>\n\t\t\t\t<section class=\"elementor-section elementor-top-section elementor-element elementor-element-7f19ba3 elementor-section-boxed elementor-section-height-default elementor-section-height-default\" data-id=\"7f19ba3\" data-element_type=\"section\">\n\t\t\t\t\t\t<div class=\"elementor-container elementor-column-gap-default\">\n\t\t\t\t\t<div class=\"elementor-column elementor-col-100 elementor-top-column elementor-element elementor-element-b979a8a\" data-id=\"b979a8a\" data-element_type=\"column\">\n\t\t\t<div class=\"elementor-widget-wrap elementor-element-populated\">\n\t\t\t\t\t\t<div class=\"elementor-element elementor-element-6ec0255 elementor-widget elementor-widget-heading\" data-id=\"6ec0255\" data-element_type=\"widget\" data-widget_type=\"heading.default\">\n\t\t\t\t<div class=\"elementor-widget-container\">\n\t\t\t<h2 class=\"elementor-heading-title elementor-size-default\">PRODUCT PORTFOLIO<\/h2>\t\t<\/div>\n\t\t\t\t<\/div>\n\t\t\t\t<div class=\"elementor-element elementor-element-2c0427f elementor-widget-divider--view-line elementor-widget elementor-widget-divider\" data-id=\"2c0427f\" data-element_type=\"widget\" data-widget_type=\"divider.default\">\n\t\t\t\t<div class=\"elementor-widget-container\">\n\t\t\t\t\t<div class=\"elementor-divider\">\n\t\t\t<span class=\"elementor-divider-separator\">\n\t\t\t\t\t\t<\/span>\n\t\t<\/div>\n\t\t\t\t<\/div>\n\t\t\t\t<\/div>\n\t\t\t\t<div class=\"elementor-element elementor-element-b2d081e elementor-align-center elementor-widget elementor-widget-button\" data-id=\"b2d081e\" data-element_type=\"widget\" data-widget_type=\"button.default\">\n\t\t\t\t<div class=\"elementor-widget-container\">\n\t\t\t\t\t<div class=\"elementor-button-wrapper\">\n\t\t\t<a class=\"elementor-button elementor-button-link elementor-size-sm elementor-animation-float\" href=\"\/wp-content\/uploads\/2022\/11\/PRODUCT-PORTFOLIE-HIGHLIGHTS.pdf\" target=\"_blank\">\n\t\t\t\t\t\t<span class=\"elementor-button-content-wrapper\">\n\t\t\t\t\t\t<span class=\"elementor-button-icon elementor-align-icon-left\">\n\t\t\t\t<i aria-hidden=\"true\" class=\"fas fa-file-pdf\"><\/i>\t\t\t<\/span>\n\t\t\t\t\t\t<span class=\"elementor-button-text\">PORTFOLIO<\/span>\n\t\t<\/span>\n\t\t\t\t\t<\/a>\n\t\t<\/div>\n\t\t\t\t<\/div>\n\t\t\t\t<\/div>\n\t\t\t\t\t<\/div>\n\t\t<\/div>\n\t\t\t\t\t<\/div>\n\t\t<\/section>\n\t\t\t\t<section class=\"elementor-section elementor-top-section elementor-element elementor-element-c789be1 elementor-section-boxed elementor-section-height-default elementor-section-height-default\" data-id=\"c789be1\" data-element_type=\"section\">\n\t\t\t\t\t\t<div class=\"elementor-container elementor-column-gap-default\">\n\t\t\t\t\t<div class=\"elementor-column elementor-col-50 elementor-top-column elementor-element elementor-element-fe97a0c\" data-id=\"fe97a0c\" data-element_type=\"column\">\n\t\t\t<div class=\"elementor-widget-wrap elementor-element-populated\">\n\t\t\t\t\t\t<div class=\"elementor-element elementor-element-8312139 elementor-widget elementor-widget-image\" data-id=\"8312139\" data-element_type=\"widget\" data-widget_type=\"image.default\">\n\t\t\t\t<div class=\"elementor-widget-container\">\n\t\t\t\t\t\t\t\t\t\t\t\t\t<img loading=\"lazy\" decoding=\"async\" width=\"1024\" height=\"683\" src=\"https:\/\/tts-tools.ro\/wp-content\/uploads\/2020\/12\/AMDec19News-ceratizit-1024x683.jpg\" class=\"attachment-large size-large wp-image-34\" alt=\"\" srcset=\"https:\/\/tts-tools.ro\/wp-content\/uploads\/2020\/12\/AMDec19News-ceratizit-1024x683.jpg 1024w, https:\/\/tts-tools.ro\/wp-content\/uploads\/2020\/12\/AMDec19News-ceratizit-300x200.jpg 300w, https:\/\/tts-tools.ro\/wp-content\/uploads\/2020\/12\/AMDec19News-ceratizit-768x512.jpg 768w, https:\/\/tts-tools.ro\/wp-content\/uploads\/2020\/12\/AMDec19News-ceratizit-1536x1024.jpg 1536w, https:\/\/tts-tools.ro\/wp-content\/uploads\/2020\/12\/AMDec19News-ceratizit.jpg 1600w\" sizes=\"(max-width: 1024px) 100vw, 1024px\" \/>\t\t\t\t\t\t\t\t\t\t\t\t\t<\/div>\n\t\t\t\t<\/div>\n\t\t\t\t\t<\/div>\n\t\t<\/div>\n\t\t\t\t<div class=\"elementor-column elementor-col-50 elementor-top-column elementor-element elementor-element-b304d51\" data-id=\"b304d51\" data-element_type=\"column\">\n\t\t\t<div class=\"elementor-widget-wrap elementor-element-populated\">\n\t\t\t\t\t\t<div class=\"elementor-element elementor-element-99158b2 elementor-widget elementor-widget-image\" data-id=\"99158b2\" data-element_type=\"widget\" data-widget_type=\"image.default\">\n\t\t\t\t<div class=\"elementor-widget-container\">\n\t\t\t\t\t\t\t\t\t\t\t\t\t<img loading=\"lazy\" decoding=\"async\" width=\"518\" height=\"374\" src=\"https:\/\/tts-tools.ro\/wp-content\/uploads\/2021\/08\/poza-de-la-Despre-noi.png\" class=\"attachment-full size-full wp-image-808\" alt=\"\" srcset=\"https:\/\/tts-tools.ro\/wp-content\/uploads\/2021\/08\/poza-de-la-Despre-noi.png 518w, https:\/\/tts-tools.ro\/wp-content\/uploads\/2021\/08\/poza-de-la-Despre-noi-300x217.png 300w\" sizes=\"(max-width: 518px) 100vw, 518px\" \/>\t\t\t\t\t\t\t\t\t\t\t\t\t<\/div>\n\t\t\t\t<\/div>\n\t\t\t\t\t<\/div>\n\t\t<\/div>\n\t\t\t\t\t<\/div>\n\t\t<\/section>\n\t\t\t\t<\/div>","protected":false},"excerpt":{"rendered":"<p>CIRCUIT COMPLET: PULBERE \u25ba PRODUS FINIT \u25ba RECICLARE CARBUR\u0102GAM\u0102 COMPLET\u0102 \u00ceN DOMENIUL A\u0218CHIERIIPERFORMAN\u021a\u0102 MAXIM\u0102 \u00ceN SCULE \u0218I SOLU\u021aII TEHNICE Previous slide Next slide CINE SUNTEM &#038; CE FACEM? Cu peste 11 ani de experien\u021b\u0103 \u00een Rom\u00e2nia, TOOLS &amp; TECHNICAL SOLUTION (TTS) este partenerul care ofer\u00e3 solu\u021bii complete, personalizate \u00een domeniul produc\u021biei de scule a\u0219chietoare, recondi\u021bion\u0103rii &hellip;<\/p>\n<p class=\"read-more\"> <a class=\"\" href=\"https:\/\/tts-tools.ro\/en\/despre-noi\/\"> <span class=\"screen-reader-text\">About us<\/span> Read More &raquo;<\/a><\/p>","protected":false},"author":1,"featured_media":0,"parent":0,"menu_order":0,"comment_status":"closed","ping_status":"closed","template":"","meta":{"footnotes":""},"_links":{"self":[{"href":"https:\/\/tts-tools.ro\/en\/wp-json\/wp\/v2\/pages\/72"}],"collection":[{"href":"https:\/\/tts-tools.ro\/en\/wp-json\/wp\/v2\/pages"}],"about":[{"href":"https:\/\/tts-tools.ro\/en\/wp-json\/wp\/v2\/types\/page"}],"author":[{"embeddable":true,"href":"https:\/\/tts-tools.ro\/en\/wp-json\/wp\/v2\/users\/1"}],"replies":[{"embeddable":true,"href":"https:\/\/tts-tools.ro\/en\/wp-json\/wp\/v2\/comments?post=72"}],"version-history":[{"count":259,"href":"https:\/\/tts-tools.ro\/en\/wp-json\/wp\/v2\/pages\/72\/revisions"}],"predecessor-version":[{"id":2768,"href":"https:\/\/tts-tools.ro\/en\/wp-json\/wp\/v2\/pages\/72\/revisions\/2768"}],"wp:attachment":[{"href":"https:\/\/tts-tools.ro\/en\/wp-json\/wp\/v2\/media?parent=72"}],"curies":[{"name":"wp","href":"https:\/\/api.w.org\/{rel}","templated":true}]}}