{"id":455,"date":"2021-01-25T11:53:57","date_gmt":"2021-01-25T11:53:57","guid":{"rendered":"https:\/\/tts.creare-siteweb.ro\/?page_id=455"},"modified":"2021-08-26T07:20:19","modified_gmt":"2021-08-26T07:20:19","slug":"prelucrare-filete","status":"publish","type":"page","link":"https:\/\/tts-tools.ro\/en\/prelucrare-filete\/","title":{"rendered":"Prelucrare filete"},"content":{"rendered":"<div data-elementor-type=\"wp-page\" data-elementor-id=\"455\" class=\"elementor elementor-455\" data-elementor-post-type=\"page\">\n\t\t\t\t\t\t<section class=\"elementor-section elementor-top-section elementor-element elementor-element-f26d5c2 elementor-section-boxed elementor-section-height-default elementor-section-height-default\" data-id=\"f26d5c2\" data-element_type=\"section\">\n\t\t\t\t\t\t<div class=\"elementor-container elementor-column-gap-default\">\n\t\t\t\t\t<div class=\"elementor-column elementor-col-100 elementor-top-column elementor-element elementor-element-b46f3df\" data-id=\"b46f3df\" data-element_type=\"column\">\n\t\t\t<div class=\"elementor-widget-wrap elementor-element-populated\">\n\t\t\t\t\t\t<div class=\"elementor-element elementor-element-ab54212 elementor-widget elementor-widget-heading\" data-id=\"ab54212\" data-element_type=\"widget\" data-widget_type=\"heading.default\">\n\t\t\t\t<div class=\"elementor-widget-container\">\n\t\t\t<h2 class=\"elementor-heading-title elementor-size-default\">THREAD-CUTTING TOOLS FOR MACHINING<\/h2>\t\t<\/div>\n\t\t\t\t<\/div>\n\t\t\t\t<div class=\"elementor-element elementor-element-58dddcc elementor-widget-divider--view-line elementor-widget elementor-widget-divider\" data-id=\"58dddcc\" data-element_type=\"widget\" data-widget_type=\"divider.default\">\n\t\t\t\t<div class=\"elementor-widget-container\">\n\t\t\t\t\t<div class=\"elementor-divider\">\n\t\t\t<span class=\"elementor-divider-separator\">\n\t\t\t\t\t\t<\/span>\n\t\t<\/div>\n\t\t\t\t<\/div>\n\t\t\t\t<\/div>\n\t\t\t\t\t<\/div>\n\t\t<\/div>\n\t\t\t\t\t<\/div>\n\t\t<\/section>\n\t\t\t\t<section class=\"elementor-section elementor-top-section elementor-element elementor-element-e8001b6 elementor-section-boxed elementor-section-height-default elementor-section-height-default\" data-id=\"e8001b6\" data-element_type=\"section\">\n\t\t\t\t\t\t<div class=\"elementor-container elementor-column-gap-default\">\n\t\t\t\t\t<div class=\"elementor-column elementor-col-50 elementor-top-column elementor-element elementor-element-c1604fd\" data-id=\"c1604fd\" data-element_type=\"column\">\n\t\t\t<div class=\"elementor-widget-wrap elementor-element-populated\">\n\t\t\t\t\t\t<div class=\"elementor-element elementor-element-8228cb5 elementor-widget elementor-widget-heading\" data-id=\"8228cb5\" data-element_type=\"widget\" data-widget_type=\"heading.default\">\n\t\t\t\t<div class=\"elementor-widget-container\">\n\t\t\t<h2 class=\"elementor-heading-title elementor-size-default\">TAPS AND THREAD FORMERS\n<\/h2>\t\t<\/div>\n\t\t\t\t<\/div>\n\t\t\t\t<div class=\"elementor-element elementor-element-f576576 elementor-widget elementor-widget-text-editor\" data-id=\"f576576\" data-element_type=\"widget\" data-widget_type=\"text-editor.default\">\n\t\t\t\t<div class=\"elementor-widget-container\">\n\t\t\t\t\t\t\t<p>WNT offers a diverse program of taps and thread formers. Whether you are machining steel, stainless steel, cast iron or non-ferrous metals, our high-quality taps will allow you to create perfect internal threads, time and time again. Our UNI CNC type is remarkable, which can be used for steel, stainless steel, cast iron and non-ferrous metals. Combining the TIN coating with the lubricating layer, a longer tool life and an ideal chip discharge are possible.<\/p>\t\t\t\t\t\t<\/div>\n\t\t\t\t<\/div>\n\t\t\t\t<div class=\"elementor-element elementor-element-9443dfd elementor-align-left elementor-mobile-align-left elementor-hidden-phone elementor-widget elementor-widget-button\" data-id=\"9443dfd\" data-element_type=\"widget\" data-widget_type=\"button.default\">\n\t\t\t\t<div class=\"elementor-widget-container\">\n\t\t\t\t\t<div class=\"elementor-button-wrapper\">\n\t\t\t<a class=\"elementor-button elementor-button-link elementor-size-sm elementor-animation-float\" href=\"https:\/\/cuttingtools.ceratizit.com\/ie\/en\/shop\/search\/search-result-products.html?category=JTI0RVNLLTExLUEwNC1CMDEq&amp;nav=true#category\/JTI0RVNLLTExLUEwNC1CMDEq\/page\/1\/sort\/_blank\" target=\"_blank\">\n\t\t\t\t\t\t<span class=\"elementor-button-content-wrapper\">\n\t\t\t\t\t\t<span class=\"elementor-button-text\">SEE THE PRODUCT<\/span>\n\t\t<\/span>\n\t\t\t\t\t<\/a>\n\t\t<\/div>\n\t\t\t\t<\/div>\n\t\t\t\t<\/div>\n\t\t\t\t\t<\/div>\n\t\t<\/div>\n\t\t\t\t<div class=\"elementor-column elementor-col-50 elementor-top-column elementor-element elementor-element-4830be7\" data-id=\"4830be7\" data-element_type=\"column\">\n\t\t\t<div class=\"elementor-widget-wrap elementor-element-populated\">\n\t\t\t\t\t\t<div class=\"elementor-element elementor-element-29dfa32 elementor-widget elementor-widget-image\" data-id=\"29dfa32\" data-element_type=\"widget\" data-widget_type=\"image.default\">\n\t\t\t\t<div class=\"elementor-widget-container\">\n\t\t\t\t\t\t\t\t\t\t\t\t\t<img fetchpriority=\"high\" decoding=\"async\" width=\"300\" height=\"214\" src=\"https:\/\/tts-tools.ro\/wp-content\/uploads\/2020\/12\/csm_wnt-pic-produkte-gewindebohrer_fe6a4f103c.jpg\" class=\"attachment-full size-full wp-image-236\" alt=\"\" \/>\t\t\t\t\t\t\t\t\t\t\t\t\t<\/div>\n\t\t\t\t<\/div>\n\t\t\t\t<div class=\"elementor-element elementor-element-f16bde3 elementor-align-center elementor-mobile-align-center elementor-hidden-desktop elementor-hidden-tablet elementor-widget elementor-widget-button\" data-id=\"f16bde3\" data-element_type=\"widget\" data-widget_type=\"button.default\">\n\t\t\t\t<div class=\"elementor-widget-container\">\n\t\t\t\t\t<div class=\"elementor-button-wrapper\">\n\t\t\t<a class=\"elementor-button elementor-button-link elementor-size-sm elementor-animation-float\" href=\"https:\/\/cuttingtools.ceratizit.com\/ie\/en\/shop\/search\/search-result-products.html?category=JTI0RVNLLTExLUEwNC1CMDEq&amp;nav=true#category\/JTI0RVNLLTExLUEwNC1CMDEq\/page\/1\/sort\/_blank\" target=\"_blank\">\n\t\t\t\t\t\t<span class=\"elementor-button-content-wrapper\">\n\t\t\t\t\t\t<span class=\"elementor-button-text\">SEE THE PRODUCT<\/span>\n\t\t<\/span>\n\t\t\t\t\t<\/a>\n\t\t<\/div>\n\t\t\t\t<\/div>\n\t\t\t\t<\/div>\n\t\t\t\t\t<\/div>\n\t\t<\/div>\n\t\t\t\t\t<\/div>\n\t\t<\/section>\n\t\t\t\t<section class=\"elementor-section elementor-top-section elementor-element elementor-element-0a252cb elementor-reverse-mobile elementor-section-boxed elementor-section-height-default elementor-section-height-default\" data-id=\"0a252cb\" data-element_type=\"section\">\n\t\t\t\t\t\t<div class=\"elementor-container elementor-column-gap-default\">\n\t\t\t\t\t<div class=\"elementor-column elementor-col-50 elementor-top-column elementor-element elementor-element-28458a3\" data-id=\"28458a3\" data-element_type=\"column\">\n\t\t\t<div class=\"elementor-widget-wrap elementor-element-populated\">\n\t\t\t\t\t\t<div class=\"elementor-element elementor-element-e492758 elementor-widget elementor-widget-image\" data-id=\"e492758\" data-element_type=\"widget\" data-widget_type=\"image.default\">\n\t\t\t\t<div class=\"elementor-widget-container\">\n\t\t\t\t\t\t\t\t\t\t\t\t\t<img decoding=\"async\" width=\"300\" height=\"214\" src=\"https:\/\/tts-tools.ro\/wp-content\/uploads\/2020\/12\/csm_wnt-pic-produkte-vhm-bohrer_e80fc096ed.jpg\" class=\"attachment-full size-full wp-image-229\" alt=\"\" \/>\t\t\t\t\t\t\t\t\t\t\t\t\t<\/div>\n\t\t\t\t<\/div>\n\t\t\t\t<div class=\"elementor-element elementor-element-aca20aa elementor-align-center elementor-hidden-desktop elementor-widget elementor-widget-button\" data-id=\"aca20aa\" data-element_type=\"widget\" data-widget_type=\"button.default\">\n\t\t\t\t<div class=\"elementor-widget-container\">\n\t\t\t\t\t<div class=\"elementor-button-wrapper\">\n\t\t\t<a class=\"elementor-button elementor-button-link elementor-size-sm elementor-animation-float\" href=\"https:\/\/cuttingtools.ceratizit.com\/ie\/en\/shop\/search\/search-result-products.html?category=JTI0RVNLLTExLUEwNC1CMDIq&amp;nav=true#category\/JTI0RVNLLTExLUEwNC1CMDIq\/page\/1\/sort\/_blank\" target=\"_blank\">\n\t\t\t\t\t\t<span class=\"elementor-button-content-wrapper\">\n\t\t\t\t\t\t<span class=\"elementor-button-text\">SEE THE PRODUCT<\/span>\n\t\t<\/span>\n\t\t\t\t\t<\/a>\n\t\t<\/div>\n\t\t\t\t<\/div>\n\t\t\t\t<\/div>\n\t\t\t\t\t<\/div>\n\t\t<\/div>\n\t\t\t\t<div class=\"elementor-column elementor-col-50 elementor-top-column elementor-element elementor-element-7792a57\" data-id=\"7792a57\" data-element_type=\"column\">\n\t\t\t<div class=\"elementor-widget-wrap elementor-element-populated\">\n\t\t\t\t\t\t<div class=\"elementor-element elementor-element-f836aad elementor-widget elementor-widget-heading\" data-id=\"f836aad\" data-element_type=\"widget\" data-widget_type=\"heading.default\">\n\t\t\t\t<div class=\"elementor-widget-container\">\n\t\t\t<h2 class=\"elementor-heading-title elementor-size-default\">CIRCULAR AND THREAD MILLING CUTTERS\n<\/h2>\t\t<\/div>\n\t\t\t\t<\/div>\n\t\t\t\t<div class=\"elementor-element elementor-element-0fae010 elementor-widget elementor-widget-text-editor\" data-id=\"0fae010\" data-element_type=\"widget\" data-widget_type=\"text-editor.default\">\n\t\t\t\t<div class=\"elementor-widget-container\">\n\t\t\t\t\t\t\t<p><b>Filetare dintr-o trecere:<\/b><\/p><p>A simple and precise threading is possible with the UNI-type metal circular carbide inner thread milling cutter. The core bore and the inner thread will be milled with a single tool in one pass. Make micro threads from the M 1.6 with a safe process using the MicroMill system.\nIn addition to thread milling, you can use it as the optimal solution for each application, e.g. slot milling, beveling, radiating or trimming the system with indexable MiniMill inserts.<\/p>\t\t\t\t\t\t<\/div>\n\t\t\t\t<\/div>\n\t\t\t\t<div class=\"elementor-element elementor-element-ebbd720 elementor-align-left elementor-hidden-phone elementor-mobile-align-left elementor-widget elementor-widget-button\" data-id=\"ebbd720\" data-element_type=\"widget\" data-widget_type=\"button.default\">\n\t\t\t\t<div class=\"elementor-widget-container\">\n\t\t\t\t\t<div class=\"elementor-button-wrapper\">\n\t\t\t<a class=\"elementor-button elementor-button-link elementor-size-sm elementor-animation-float\" href=\"https:\/\/cuttingtools.ceratizit.com\/ie\/en\/shop\/search\/search-result-products.html?category=JTI0RVNLLTExLUEwNC1CMDIq&amp;nav=true#category\/JTI0RVNLLTExLUEwNC1CMDIq\/page\/1\/sort\/_blank\" target=\"_blank\">\n\t\t\t\t\t\t<span class=\"elementor-button-content-wrapper\">\n\t\t\t\t\t\t<span class=\"elementor-button-text\">SEE THE PRODUCT<\/span>\n\t\t<\/span>\n\t\t\t\t\t<\/a>\n\t\t<\/div>\n\t\t\t\t<\/div>\n\t\t\t\t<\/div>\n\t\t\t\t\t<\/div>\n\t\t<\/div>\n\t\t\t\t\t<\/div>\n\t\t<\/section>\n\t\t\t\t<section class=\"elementor-section elementor-top-section elementor-element elementor-element-7edb0c8 elementor-section-boxed elementor-section-height-default elementor-section-height-default\" data-id=\"7edb0c8\" data-element_type=\"section\">\n\t\t\t\t\t\t<div class=\"elementor-container elementor-column-gap-default\">\n\t\t\t\t\t<div class=\"elementor-column elementor-col-50 elementor-top-column elementor-element elementor-element-e457d14\" data-id=\"e457d14\" data-element_type=\"column\">\n\t\t\t<div class=\"elementor-widget-wrap elementor-element-populated\">\n\t\t\t\t\t\t<div class=\"elementor-element elementor-element-e1290f8 elementor-widget elementor-widget-heading\" data-id=\"e1290f8\" data-element_type=\"widget\" data-widget_type=\"heading.default\">\n\t\t\t\t<div class=\"elementor-widget-container\">\n\t\t\t<h2 class=\"elementor-heading-title elementor-size-default\">THREAD TURNING TOOLS\n<\/h2>\t\t<\/div>\n\t\t\t\t<\/div>\n\t\t\t\t<div class=\"elementor-element elementor-element-db60e22 elementor-widget elementor-widget-text-editor\" data-id=\"db60e22\" data-element_type=\"widget\" data-widget_type=\"text-editor.default\">\n\t\t\t\t<div class=\"elementor-widget-container\">\n\t\t\t\t\t\t\t<p><b>With the CCN 7525 threaded plate, it is possible to use stainless steel, non-ferrous metals, and heat-resistant materials.\u00a0<\/b><\/p><p>Thanks to the sintered chip breaker, you can achieve optimal chip breaking as well as safe thread turning. With CCN 20 for steel and HCN 2525 for stainless steel machining, we offer you an absolute specialist in this field.<\/p>\t\t\t\t\t\t<\/div>\n\t\t\t\t<\/div>\n\t\t\t\t<div class=\"elementor-element elementor-element-ffec318 elementor-align-left elementor-mobile-align-left elementor-hidden-phone elementor-widget elementor-widget-button\" data-id=\"ffec318\" data-element_type=\"widget\" data-widget_type=\"button.default\">\n\t\t\t\t<div class=\"elementor-widget-container\">\n\t\t\t\t\t<div class=\"elementor-button-wrapper\">\n\t\t\t<a class=\"elementor-button elementor-button-link elementor-size-sm elementor-animation-float\" href=\"https:\/\/cuttingtools.ceratizit.com\/ie\/en\/shop\/search\/search-result-products.html?category=JTI0RVNLLTExLUEwNC1CMDMq&amp;nav=true#category\/JTI0RVNLLTExLUEwNC1CMDMq\/page\/1\/sort\/_blank\" target=\"_blank\">\n\t\t\t\t\t\t<span class=\"elementor-button-content-wrapper\">\n\t\t\t\t\t\t<span class=\"elementor-button-text\">SEE THE PRODUCT<\/span>\n\t\t<\/span>\n\t\t\t\t\t<\/a>\n\t\t<\/div>\n\t\t\t\t<\/div>\n\t\t\t\t<\/div>\n\t\t\t\t\t<\/div>\n\t\t<\/div>\n\t\t\t\t<div class=\"elementor-column elementor-col-50 elementor-top-column elementor-element elementor-element-0d78ee5\" data-id=\"0d78ee5\" data-element_type=\"column\">\n\t\t\t<div class=\"elementor-widget-wrap elementor-element-populated\">\n\t\t\t\t\t\t<div class=\"elementor-element elementor-element-316b718 elementor-widget elementor-widget-image\" data-id=\"316b718\" data-element_type=\"widget\" data-widget_type=\"image.default\">\n\t\t\t\t<div class=\"elementor-widget-container\">\n\t\t\t\t\t\t\t\t\t\t\t\t\t<img decoding=\"async\" width=\"300\" height=\"214\" src=\"https:\/\/tts-tools.ro\/wp-content\/uploads\/2020\/12\/csm_wnt-pic-produkte-gewindedrehwerkzeuge_e3425cb762.jpg\" class=\"attachment-full size-full wp-image-239\" alt=\"\" \/>\t\t\t\t\t\t\t\t\t\t\t\t\t<\/div>\n\t\t\t\t<\/div>\n\t\t\t\t<div class=\"elementor-element elementor-element-b373231 elementor-align-center elementor-mobile-align-center elementor-hidden-desktop elementor-hidden-tablet elementor-widget elementor-widget-button\" data-id=\"b373231\" data-element_type=\"widget\" data-widget_type=\"button.default\">\n\t\t\t\t<div class=\"elementor-widget-container\">\n\t\t\t\t\t<div class=\"elementor-button-wrapper\">\n\t\t\t<a class=\"elementor-button elementor-button-link elementor-size-sm elementor-animation-float\" href=\"https:\/\/cuttingtools.ceratizit.com\/ro\/ro\/pagini-de-cump_rturi\/c_utare\/rezultatul-c_ut_rii-produse.html?category=JTI0RVNLLTExLUEwNC1CMDMq&#038;nav=true#category\/JTI0RVNLLTExLUEwNC1CMDMq\/page\/1\/sort\/_blankhttps:\/\/cuttingtools.ceratizit.com\/ro\/ro\/pagini-de-cump_rturi\/c_utare\/rezultatul-c_ut_rii-produse.html?category=JTI0RVNLLTExLUEwNC1CMDMq&#038;nav=true#category\/JTI0RVNLLTExLUEwNC1CMDMq\/page\/1\/sort\/_blank\" target=\"_blank\">\n\t\t\t\t\t\t<span class=\"elementor-button-content-wrapper\">\n\t\t\t\t\t\t<span class=\"elementor-button-text\">SEE THE PRODUCT<\/span>\n\t\t<\/span>\n\t\t\t\t\t<\/a>\n\t\t<\/div>\n\t\t\t\t<\/div>\n\t\t\t\t<\/div>\n\t\t\t\t\t<\/div>\n\t\t<\/div>\n\t\t\t\t\t<\/div>\n\t\t<\/section>\n\t\t\t\t<\/div>","protected":false},"excerpt":{"rendered":"<p>Scule a\u0219chietoare pentru filetare FILIERE \u015eI TAROZI WNT ofer\u0103 un program divers de tarozi \u015fi formatoare filet. Pentru fiecare domeniu de utilizare avem tarodul respectiv formatorul de filet adecvat. Este remarcabil tipul nostru UNI CNC, care este utilizabil la o\u0163el, inox, font\u0103 \u015fi metale neferoase. Prin combina\u0163ia acoperirii de TiN cu stratul lubrifiant este posibil &hellip;<\/p>\n<p class=\"read-more\"> <a class=\"\" href=\"https:\/\/tts-tools.ro\/en\/prelucrare-filete\/\"> <span class=\"screen-reader-text\">Prelucrare filete<\/span> Read More &raquo;<\/a><\/p>","protected":false},"author":1,"featured_media":0,"parent":0,"menu_order":0,"comment_status":"closed","ping_status":"closed","template":"","meta":{"footnotes":""},"_links":{"self":[{"href":"https:\/\/tts-tools.ro\/en\/wp-json\/wp\/v2\/pages\/455"}],"collection":[{"href":"https:\/\/tts-tools.ro\/en\/wp-json\/wp\/v2\/pages"}],"about":[{"href":"https:\/\/tts-tools.ro\/en\/wp-json\/wp\/v2\/types\/page"}],"author":[{"embeddable":true,"href":"https:\/\/tts-tools.ro\/en\/wp-json\/wp\/v2\/users\/1"}],"replies":[{"embeddable":true,"href":"https:\/\/tts-tools.ro\/en\/wp-json\/wp\/v2\/comments?post=455"}],"version-history":[{"count":16,"href":"https:\/\/tts-tools.ro\/en\/wp-json\/wp\/v2\/pages\/455\/revisions"}],"predecessor-version":[{"id":1092,"href":"https:\/\/tts-tools.ro\/en\/wp-json\/wp\/v2\/pages\/455\/revisions\/1092"}],"wp:attachment":[{"href":"https:\/\/tts-tools.ro\/en\/wp-json\/wp\/v2\/media?parent=455"}],"curies":[{"name":"wp","href":"https:\/\/api.w.org\/{rel}","templated":true}]}}