{"id":395,"date":"2021-01-25T10:54:48","date_gmt":"2021-01-25T10:54:48","guid":{"rendered":"https:\/\/tts.creare-siteweb.ro\/?page_id=395"},"modified":"2021-08-26T12:47:20","modified_gmt":"2021-08-26T12:47:20","slug":"gaurire","status":"publish","type":"page","link":"https:\/\/tts-tools.ro\/en\/gaurire\/","title":{"rendered":"Gaurire"},"content":{"rendered":"<div data-elementor-type=\"wp-page\" data-elementor-id=\"395\" class=\"elementor elementor-395\" data-elementor-post-type=\"page\">\n\t\t\t\t\t\t<section class=\"elementor-section elementor-top-section elementor-element elementor-element-f26d5c2 elementor-section-boxed elementor-section-height-default elementor-section-height-default\" data-id=\"f26d5c2\" data-element_type=\"section\">\n\t\t\t\t\t\t<div class=\"elementor-container elementor-column-gap-default\">\n\t\t\t\t\t<div class=\"elementor-column elementor-col-100 elementor-top-column elementor-element elementor-element-b46f3df\" data-id=\"b46f3df\" data-element_type=\"column\">\n\t\t\t<div class=\"elementor-widget-wrap elementor-element-populated\">\n\t\t\t\t\t\t<div class=\"elementor-element elementor-element-ab54212 elementor-widget elementor-widget-heading\" data-id=\"ab54212\" data-element_type=\"widget\" data-widget_type=\"heading.default\">\n\t\t\t\t<div class=\"elementor-widget-container\">\n\t\t\t<h2 class=\"elementor-heading-title elementor-size-default\">DRILLING TOOLS<\/h2>\t\t<\/div>\n\t\t\t\t<\/div>\n\t\t\t\t<div class=\"elementor-element elementor-element-58dddcc elementor-widget-divider--view-line elementor-widget elementor-widget-divider\" data-id=\"58dddcc\" data-element_type=\"widget\" data-widget_type=\"divider.default\">\n\t\t\t\t<div class=\"elementor-widget-container\">\n\t\t\t\t\t<div class=\"elementor-divider\">\n\t\t\t<span class=\"elementor-divider-separator\">\n\t\t\t\t\t\t<\/span>\n\t\t<\/div>\n\t\t\t\t<\/div>\n\t\t\t\t<\/div>\n\t\t\t\t\t<\/div>\n\t\t<\/div>\n\t\t\t\t\t<\/div>\n\t\t<\/section>\n\t\t\t\t<section class=\"elementor-section elementor-top-section elementor-element elementor-element-e8001b6 elementor-section-boxed elementor-section-height-default elementor-section-height-default\" data-id=\"e8001b6\" data-element_type=\"section\">\n\t\t\t\t\t\t<div class=\"elementor-container elementor-column-gap-default\">\n\t\t\t\t\t<div class=\"elementor-column elementor-col-50 elementor-top-column elementor-element elementor-element-c1604fd\" data-id=\"c1604fd\" data-element_type=\"column\">\n\t\t\t<div class=\"elementor-widget-wrap elementor-element-populated\">\n\t\t\t\t\t\t<div class=\"elementor-element elementor-element-8228cb5 elementor-widget elementor-widget-heading\" data-id=\"8228cb5\" data-element_type=\"widget\" data-widget_type=\"heading.default\">\n\t\t\t\t<div class=\"elementor-widget-container\">\n\t\t\t<h2 class=\"elementor-heading-title elementor-size-default\">HSS DRILL\n<\/h2>\t\t<\/div>\n\t\t\t\t<\/div>\n\t\t\t\t<div class=\"elementor-element elementor-element-f576576 elementor-widget elementor-widget-text-editor\" data-id=\"f576576\" data-element_type=\"widget\" data-widget_type=\"text-editor.default\">\n\t\t\t\t<div class=\"elementor-widget-container\">\n\t\t\t\t\t\t\t<p>The HSS drill range in our portfolio covers all the necessities of use. You will find helical drills with 0.15 mm diameter, centering drills, step drills and boring tools for almost all materials.<\/p>\t\t\t\t\t\t<\/div>\n\t\t\t\t<\/div>\n\t\t\t\t<div class=\"elementor-element elementor-element-9443dfd elementor-align-left elementor-mobile-align-left elementor-hidden-phone elementor-widget elementor-widget-button\" data-id=\"9443dfd\" data-element_type=\"widget\" data-widget_type=\"button.default\">\n\t\t\t\t<div class=\"elementor-widget-container\">\n\t\t\t\t\t<div class=\"elementor-button-wrapper\">\n\t\t\t<a class=\"elementor-button elementor-button-link elementor-size-sm elementor-animation-float\" href=\"https:\/\/cuttingtools.ceratizit.com\/ie\/en\/shop\/search\/search-result-products.html?category=JTI0RVNLLTExLUEwMS1CMDIq&amp;nav=true#category\/JTI0RVNLLTExLUEwMS1CMDIq\/page\/1\/sort\/_blank\" target=\"_blank\">\n\t\t\t\t\t\t<span class=\"elementor-button-content-wrapper\">\n\t\t\t\t\t\t<span class=\"elementor-button-text\">SEE THE PRODUCT<\/span>\n\t\t<\/span>\n\t\t\t\t\t<\/a>\n\t\t<\/div>\n\t\t\t\t<\/div>\n\t\t\t\t<\/div>\n\t\t\t\t\t<\/div>\n\t\t<\/div>\n\t\t\t\t<div class=\"elementor-column elementor-col-50 elementor-top-column elementor-element elementor-element-4830be7\" data-id=\"4830be7\" data-element_type=\"column\">\n\t\t\t<div class=\"elementor-widget-wrap elementor-element-populated\">\n\t\t\t\t\t\t<div class=\"elementor-element elementor-element-29dfa32 elementor-widget elementor-widget-image\" data-id=\"29dfa32\" data-element_type=\"widget\" data-widget_type=\"image.default\">\n\t\t\t\t<div class=\"elementor-widget-container\">\n\t\t\t\t\t\t\t\t\t\t\t\t\t<img fetchpriority=\"high\" decoding=\"async\" width=\"300\" height=\"214\" src=\"https:\/\/tts-tools.ro\/wp-content\/uploads\/2020\/12\/csm_wnt-pic-produkte-hss-bohrer_fea3336159.jpg\" class=\"attachment-full size-full wp-image-228\" alt=\"\" \/>\t\t\t\t\t\t\t\t\t\t\t\t\t<\/div>\n\t\t\t\t<\/div>\n\t\t\t\t<div class=\"elementor-element elementor-element-f16bde3 elementor-align-center elementor-mobile-align-center elementor-hidden-desktop elementor-hidden-tablet elementor-widget elementor-widget-button\" data-id=\"f16bde3\" data-element_type=\"widget\" data-widget_type=\"button.default\">\n\t\t\t\t<div class=\"elementor-widget-container\">\n\t\t\t\t\t<div class=\"elementor-button-wrapper\">\n\t\t\t<a class=\"elementor-button elementor-button-link elementor-size-sm elementor-animation-float\" href=\"https:\/\/cuttingtools.ceratizit.com\/ie\/en\/shop\/search\/search-result-products.html?category=JTI0RVNLLTExLUEwMS1CMDIq&amp;nav=true#category\/JTI0RVNLLTExLUEwMS1CMDIq\/page\/1\/sort\/_blank\" target=\"_blank\">\n\t\t\t\t\t\t<span class=\"elementor-button-content-wrapper\">\n\t\t\t\t\t\t<span class=\"elementor-button-text\">SEE THE PRODUCT<\/span>\n\t\t<\/span>\n\t\t\t\t\t<\/a>\n\t\t<\/div>\n\t\t\t\t<\/div>\n\t\t\t\t<\/div>\n\t\t\t\t\t<\/div>\n\t\t<\/div>\n\t\t\t\t\t<\/div>\n\t\t<\/section>\n\t\t\t\t<section class=\"elementor-section elementor-top-section elementor-element elementor-element-0a252cb elementor-reverse-mobile elementor-section-boxed elementor-section-height-default elementor-section-height-default\" data-id=\"0a252cb\" data-element_type=\"section\">\n\t\t\t\t\t\t<div class=\"elementor-container elementor-column-gap-default\">\n\t\t\t\t\t<div class=\"elementor-column elementor-col-50 elementor-top-column elementor-element elementor-element-28458a3\" data-id=\"28458a3\" data-element_type=\"column\">\n\t\t\t<div class=\"elementor-widget-wrap elementor-element-populated\">\n\t\t\t\t\t\t<div class=\"elementor-element elementor-element-e492758 elementor-widget elementor-widget-image\" data-id=\"e492758\" data-element_type=\"widget\" data-widget_type=\"image.default\">\n\t\t\t\t<div class=\"elementor-widget-container\">\n\t\t\t\t\t\t\t\t\t\t\t\t\t<img decoding=\"async\" width=\"300\" height=\"214\" src=\"https:\/\/tts-tools.ro\/wp-content\/uploads\/2020\/12\/csm_wnt-pic-produkte-vhm-bohrer_e80fc096ed.jpg\" class=\"attachment-full size-full wp-image-229\" alt=\"\" \/>\t\t\t\t\t\t\t\t\t\t\t\t\t<\/div>\n\t\t\t\t<\/div>\n\t\t\t\t<div class=\"elementor-element elementor-element-aca20aa elementor-align-center elementor-hidden-desktop elementor-widget elementor-widget-button\" data-id=\"aca20aa\" data-element_type=\"widget\" data-widget_type=\"button.default\">\n\t\t\t\t<div class=\"elementor-widget-container\">\n\t\t\t\t\t<div class=\"elementor-button-wrapper\">\n\t\t\t<a class=\"elementor-button elementor-button-link elementor-size-sm elementor-animation-float\" href=\"https:\/\/cuttingtools.ceratizit.com\/ie\/en\/shop\/search\/search-result-products.html?category=JTI0RVNLLTExLUEwMS1CMDIq&amp;nav=true#category\/JTI0RVNLLTExLUEwMS1CMDIq\/page\/1\/sort\/_blank\" target=\"_blank\">\n\t\t\t\t\t\t<span class=\"elementor-button-content-wrapper\">\n\t\t\t\t\t\t<span class=\"elementor-button-text\">SEE THE PRODUCT<\/span>\n\t\t<\/span>\n\t\t\t\t\t<\/a>\n\t\t<\/div>\n\t\t\t\t<\/div>\n\t\t\t\t<\/div>\n\t\t\t\t\t<\/div>\n\t\t<\/div>\n\t\t\t\t<div class=\"elementor-column elementor-col-50 elementor-top-column elementor-element elementor-element-7792a57\" data-id=\"7792a57\" data-element_type=\"column\">\n\t\t\t<div class=\"elementor-widget-wrap elementor-element-populated\">\n\t\t\t\t\t\t<div class=\"elementor-element elementor-element-f836aad elementor-widget elementor-widget-heading\" data-id=\"f836aad\" data-element_type=\"widget\" data-widget_type=\"heading.default\">\n\t\t\t\t<div class=\"elementor-widget-container\">\n\t\t\t<h2 class=\"elementor-heading-title elementor-size-default\">SOLID CARBIDE DRILLING\n<\/h2>\t\t<\/div>\n\t\t\t\t<\/div>\n\t\t\t\t<div class=\"elementor-element elementor-element-0fae010 elementor-widget elementor-widget-text-editor\" data-id=\"0fae010\" data-element_type=\"widget\" data-widget_type=\"text-editor.default\">\n\t\t\t\t<div class=\"elementor-widget-container\">\n\t\t\t\t\t\t\t<p><b>Drilling perfection with maximum performance.<\/b><\/p><p>WTX carbide drills bits over the years have been a user experience.\nWNT offers for each application the right WTX drill: WTX-UNI, WNT-VA, WTX-H, WTX-AI, WTX-TI, WTX-Speed, WTX-180, WTX-Change.<br \/>The program will be completed with WTX-Mini drills for small bores from \u00d8 0.1 mm as well as WTX-TB drills for deep bores, which can be used up to a depth of 50xD.<\/p>\t\t\t\t\t\t<\/div>\n\t\t\t\t<\/div>\n\t\t\t\t<div class=\"elementor-element elementor-element-ebbd720 elementor-align-left elementor-hidden-phone elementor-widget elementor-widget-button\" data-id=\"ebbd720\" data-element_type=\"widget\" data-widget_type=\"button.default\">\n\t\t\t\t<div class=\"elementor-widget-container\">\n\t\t\t\t\t<div class=\"elementor-button-wrapper\">\n\t\t\t<a class=\"elementor-button elementor-button-link elementor-size-sm elementor-animation-float\" href=\"https:\/\/cuttingtools.ceratizit.com\/ie\/en\/shop\/search\/search-result-products.html?category=JTI0RVNLLTExLUEwMS1CMDIq&amp;nav=true#category\/JTI0RVNLLTExLUEwMS1CMDIq\/page\/1\/sort\/_blank\" target=\"_blank\">\n\t\t\t\t\t\t<span class=\"elementor-button-content-wrapper\">\n\t\t\t\t\t\t<span class=\"elementor-button-text\">SEE THE PRODUCT<\/span>\n\t\t<\/span>\n\t\t\t\t\t<\/a>\n\t\t<\/div>\n\t\t\t\t<\/div>\n\t\t\t\t<\/div>\n\t\t\t\t\t<\/div>\n\t\t<\/div>\n\t\t\t\t\t<\/div>\n\t\t<\/section>\n\t\t\t\t<section class=\"elementor-section elementor-top-section elementor-element elementor-element-7edb0c8 elementor-section-boxed elementor-section-height-default elementor-section-height-default\" data-id=\"7edb0c8\" data-element_type=\"section\">\n\t\t\t\t\t\t<div class=\"elementor-container elementor-column-gap-default\">\n\t\t\t\t\t<div class=\"elementor-column elementor-col-50 elementor-top-column elementor-element elementor-element-e457d14\" data-id=\"e457d14\" data-element_type=\"column\">\n\t\t\t<div class=\"elementor-widget-wrap elementor-element-populated\">\n\t\t\t\t\t\t<div class=\"elementor-element elementor-element-e1290f8 elementor-widget elementor-widget-heading\" data-id=\"e1290f8\" data-element_type=\"widget\" data-widget_type=\"heading.default\">\n\t\t\t\t<div class=\"elementor-widget-container\">\n\t\t\t<h2 class=\"elementor-heading-title elementor-size-default\">INDEXABLE INSERTS DRILLING\n<\/h2>\t\t<\/div>\n\t\t\t\t<\/div>\n\t\t\t\t<div class=\"elementor-element elementor-element-db60e22 elementor-widget elementor-widget-text-editor\" data-id=\"db60e22\" data-element_type=\"widget\" data-widget_type=\"text-editor.default\">\n\t\t\t\t<div class=\"elementor-widget-container\">\n\t\t\t\t\t\t\t<p><b>Greater advance in addition to maximum process safety.\u00a0<\/b><\/p><p>High Feed Drill C900 is a WNT drill with indexable inserts and 4-edged geometry a kind of newly developed broadband for extremely high drilling advance and high chip volume.\nIdeal for universal use on lathes, drilling and milling machines. PolyDrill, indexable inserts drill with high stability and low cutting forces. In general, WNT indexable inserts drill are equipped with helical channels for the best process safety. Available in a wide range for all materials- and for heat-resistant alloys.<\/p>\t\t\t\t\t\t<\/div>\n\t\t\t\t<\/div>\n\t\t\t\t<div class=\"elementor-element elementor-element-ffec318 elementor-align-left elementor-mobile-align-left elementor-hidden-phone elementor-widget elementor-widget-button\" data-id=\"ffec318\" data-element_type=\"widget\" data-widget_type=\"button.default\">\n\t\t\t\t<div class=\"elementor-widget-container\">\n\t\t\t\t\t<div class=\"elementor-button-wrapper\">\n\t\t\t<a class=\"elementor-button elementor-button-link elementor-size-sm elementor-animation-float\" href=\"https:\/\/cuttingtools.ceratizit.com\/ie\/en\/shop\/search\/search-result-products.html?nav=true#category\/JTI0RVNLLTExLUEwMy1CMDIq\/page\/1\/\" target=\"_blank\">\n\t\t\t\t\t\t<span class=\"elementor-button-content-wrapper\">\n\t\t\t\t\t\t<span class=\"elementor-button-text\">SEE THE PRODUCT<\/span>\n\t\t<\/span>\n\t\t\t\t\t<\/a>\n\t\t<\/div>\n\t\t\t\t<\/div>\n\t\t\t\t<\/div>\n\t\t\t\t\t<\/div>\n\t\t<\/div>\n\t\t\t\t<div class=\"elementor-column elementor-col-50 elementor-top-column elementor-element elementor-element-0d78ee5\" data-id=\"0d78ee5\" data-element_type=\"column\">\n\t\t\t<div class=\"elementor-widget-wrap elementor-element-populated\">\n\t\t\t\t\t\t<div class=\"elementor-element elementor-element-316b718 elementor-widget elementor-widget-image\" data-id=\"316b718\" data-element_type=\"widget\" data-widget_type=\"image.default\">\n\t\t\t\t<div class=\"elementor-widget-container\">\n\t\t\t\t\t\t\t\t\t\t\t\t\t<img decoding=\"async\" width=\"300\" height=\"214\" src=\"https:\/\/tts-tools.ro\/wp-content\/uploads\/2020\/12\/csm_wnt-pic-produkte-wendeplattenbohrer_580cc5449e.jpg\" class=\"attachment-full size-full wp-image-231\" alt=\"\" \/>\t\t\t\t\t\t\t\t\t\t\t\t\t<\/div>\n\t\t\t\t<\/div>\n\t\t\t\t<div class=\"elementor-element elementor-element-b373231 elementor-align-center elementor-mobile-align-center elementor-hidden-desktop elementor-hidden-tablet elementor-widget elementor-widget-button\" data-id=\"b373231\" data-element_type=\"widget\" data-widget_type=\"button.default\">\n\t\t\t\t<div class=\"elementor-widget-container\">\n\t\t\t\t\t<div class=\"elementor-button-wrapper\">\n\t\t\t<a class=\"elementor-button elementor-button-link elementor-size-sm elementor-animation-float\" href=\"https:\/\/cuttingtools.ceratizit.com\/ie\/en\/shop\/search\/search-result-products.html?nav=true#category\/JTI0RVNLLTExLUEwMy1CMDIq\/page\/1\/\" target=\"_blank\">\n\t\t\t\t\t\t<span class=\"elementor-button-content-wrapper\">\n\t\t\t\t\t\t<span class=\"elementor-button-text\">SEE THE PRODUCT<\/span>\n\t\t<\/span>\n\t\t\t\t\t<\/a>\n\t\t<\/div>\n\t\t\t\t<\/div>\n\t\t\t\t<\/div>\n\t\t\t\t\t<\/div>\n\t\t<\/div>\n\t\t\t\t\t<\/div>\n\t\t<\/section>\n\t\t\t\t<section class=\"elementor-section elementor-top-section elementor-element elementor-element-70c38e5 elementor-reverse-mobile elementor-section-boxed elementor-section-height-default elementor-section-height-default\" data-id=\"70c38e5\" data-element_type=\"section\">\n\t\t\t\t\t\t<div class=\"elementor-container elementor-column-gap-default\">\n\t\t\t\t\t<div class=\"elementor-column elementor-col-50 elementor-top-column elementor-element elementor-element-34507df\" data-id=\"34507df\" data-element_type=\"column\">\n\t\t\t<div class=\"elementor-widget-wrap elementor-element-populated\">\n\t\t\t\t\t\t<div class=\"elementor-element elementor-element-e684134 elementor-widget elementor-widget-image\" data-id=\"e684134\" data-element_type=\"widget\" data-widget_type=\"image.default\">\n\t\t\t\t<div class=\"elementor-widget-container\">\n\t\t\t\t\t\t\t\t\t\t\t\t\t<img loading=\"lazy\" decoding=\"async\" width=\"300\" height=\"214\" src=\"https:\/\/tts-tools.ro\/wp-content\/uploads\/2020\/12\/csm_wnt-pic-produkte-reibahlen-senker_8fe0bfbafc.jpg\" class=\"attachment-full size-full wp-image-232\" alt=\"\" \/>\t\t\t\t\t\t\t\t\t\t\t\t\t<\/div>\n\t\t\t\t<\/div>\n\t\t\t\t<div class=\"elementor-element elementor-element-959bd48 elementor-align-center elementor-hidden-desktop elementor-widget elementor-widget-button\" data-id=\"959bd48\" data-element_type=\"widget\" data-widget_type=\"button.default\">\n\t\t\t\t<div class=\"elementor-widget-container\">\n\t\t\t\t\t<div class=\"elementor-button-wrapper\">\n\t\t\t<a class=\"elementor-button elementor-button-link elementor-size-sm elementor-animation-float\" href=\"https:\/\/cuttingtools.ceratizit.com\/ie\/en\/shop\/search\/search-result-products.html?category=JTI0RVNLLTExLUEwMS1CMDQq&amp;nav=true#category\/JTI0RVNLLTExLUEwMS1CMDQq\/page\/1\/sort\/_blank\" target=\"_blank\">\n\t\t\t\t\t\t<span class=\"elementor-button-content-wrapper\">\n\t\t\t\t\t\t<span class=\"elementor-button-text\">SEE THE PRODUCT<\/span>\n\t\t<\/span>\n\t\t\t\t\t<\/a>\n\t\t<\/div>\n\t\t\t\t<\/div>\n\t\t\t\t<\/div>\n\t\t\t\t\t<\/div>\n\t\t<\/div>\n\t\t\t\t<div class=\"elementor-column elementor-col-50 elementor-top-column elementor-element elementor-element-edfc0d3\" data-id=\"edfc0d3\" data-element_type=\"column\">\n\t\t\t<div class=\"elementor-widget-wrap elementor-element-populated\">\n\t\t\t\t\t\t<div class=\"elementor-element elementor-element-10f76ad elementor-widget elementor-widget-heading\" data-id=\"10f76ad\" data-element_type=\"widget\" data-widget_type=\"heading.default\">\n\t\t\t\t<div class=\"elementor-widget-container\">\n\t\t\t<h2 class=\"elementor-heading-title elementor-size-default\">REAMING AND COUNTERSINKING\n<\/h2>\t\t<\/div>\n\t\t\t\t<\/div>\n\t\t\t\t<div class=\"elementor-element elementor-element-57cd135 elementor-widget elementor-widget-text-editor\" data-id=\"57cd135\" data-element_type=\"widget\" data-widget_type=\"text-editor.default\">\n\t\t\t\t<div class=\"elementor-widget-container\">\n\t\t\t\t\t\t\t<p><b>WNT product range includes reamers and countersinks that are suitable for universal application in all materials.<\/b><\/p><p>From standard products to high-performance tools for customers with exacting requirements in terms of radial run-out accuracy, our product range is sure to have the ideal tool for your application: HSR-UNI, VA and AL high performance reamers such as Reamax reamers with removable head \u00d8 12.5-40 mm si Monomax adjustable reamers \u00d8 5.6-25.89 mm.\nMultIChange reamers with removable head -for each application the corresponding head.<\/p>\t\t\t\t\t\t<\/div>\n\t\t\t\t<\/div>\n\t\t\t\t<div class=\"elementor-element elementor-element-5325be2 elementor-align-left elementor-hidden-phone elementor-widget elementor-widget-button\" data-id=\"5325be2\" data-element_type=\"widget\" data-widget_type=\"button.default\">\n\t\t\t\t<div class=\"elementor-widget-container\">\n\t\t\t\t\t<div class=\"elementor-button-wrapper\">\n\t\t\t<a class=\"elementor-button elementor-button-link elementor-size-sm elementor-animation-float\" href=\"https:\/\/cuttingtools.ceratizit.com\/ie\/en\/shop\/search\/search-result-products.html?category=JTI0RVNLLTExLUEwMS1CMDQq&amp;nav=true#category\/JTI0RVNLLTExLUEwMS1CMDQq\/page\/1\/sort\/_blank\" target=\"_blank\">\n\t\t\t\t\t\t<span class=\"elementor-button-content-wrapper\">\n\t\t\t\t\t\t<span class=\"elementor-button-text\">SEE THE PRODUCT<\/span>\n\t\t<\/span>\n\t\t\t\t\t<\/a>\n\t\t<\/div>\n\t\t\t\t<\/div>\n\t\t\t\t<\/div>\n\t\t\t\t\t<\/div>\n\t\t<\/div>\n\t\t\t\t\t<\/div>\n\t\t<\/section>\n\t\t\t\t<\/div>","protected":false},"excerpt":{"rendered":"<p>Scule a\u0219chietoare pentru g\u0103urire BURGHIE HSS Gama de burghie-HSS din portofoliu nostru acoper\u0103 toate necesit\u0103\u0163ile de utilizare. La noi g\u0103si\u0163i burghie elicoidale de la diametrul de 0,15 mm, burghie de centrare, burghie \u00een trepte \u015fi scule de alezaje pentru aproape toate materialele. VEZI PRODUS VEZI PRODUS VEZI PRODUS BURGHIE MONOBLOC DIN CARBURI METALICE Perfec\u0163ie la &hellip;<\/p>\n<p class=\"read-more\"> <a class=\"\" href=\"https:\/\/tts-tools.ro\/en\/gaurire\/\"> <span class=\"screen-reader-text\">Gaurire<\/span> Read More &raquo;<\/a><\/p>","protected":false},"author":1,"featured_media":0,"parent":0,"menu_order":0,"comment_status":"closed","ping_status":"closed","template":"","meta":{"footnotes":""},"_links":{"self":[{"href":"https:\/\/tts-tools.ro\/en\/wp-json\/wp\/v2\/pages\/395"}],"collection":[{"href":"https:\/\/tts-tools.ro\/en\/wp-json\/wp\/v2\/pages"}],"about":[{"href":"https:\/\/tts-tools.ro\/en\/wp-json\/wp\/v2\/types\/page"}],"author":[{"embeddable":true,"href":"https:\/\/tts-tools.ro\/en\/wp-json\/wp\/v2\/users\/1"}],"replies":[{"embeddable":true,"href":"https:\/\/tts-tools.ro\/en\/wp-json\/wp\/v2\/comments?post=395"}],"version-history":[{"count":65,"href":"https:\/\/tts-tools.ro\/en\/wp-json\/wp\/v2\/pages\/395\/revisions"}],"predecessor-version":[{"id":1113,"href":"https:\/\/tts-tools.ro\/en\/wp-json\/wp\/v2\/pages\/395\/revisions\/1113"}],"wp:attachment":[{"href":"https:\/\/tts-tools.ro\/en\/wp-json\/wp\/v2\/media?parent=395"}],"curies":[{"name":"wp","href":"https:\/\/api.w.org\/{rel}","templated":true}]}}