{"id":361,"date":"2021-01-25T10:21:30","date_gmt":"2021-01-25T10:21:30","guid":{"rendered":"https:\/\/tts.creare-siteweb.ro\/?page_id=361"},"modified":"2025-05-09T08:14:42","modified_gmt":"2025-05-09T08:14:42","slug":"industry-solutions","status":"publish","type":"page","link":"https:\/\/tts-tools.ro\/en\/industry-solutions\/","title":{"rendered":"Industry solutions"},"content":{"rendered":"<div data-elementor-type=\"wp-page\" data-elementor-id=\"361\" class=\"elementor elementor-361\" data-elementor-post-type=\"page\">\n\t\t\t\t\t\t<section class=\"elementor-section elementor-top-section elementor-element elementor-element-81292bc elementor-section-boxed elementor-section-height-default elementor-section-height-default\" data-id=\"81292bc\" data-element_type=\"section\">\n\t\t\t\t\t\t<div class=\"elementor-container elementor-column-gap-default\">\n\t\t\t\t\t<div class=\"elementor-column elementor-col-100 elementor-top-column elementor-element elementor-element-9d56c97\" data-id=\"9d56c97\" data-element_type=\"column\">\n\t\t\t<div class=\"elementor-widget-wrap elementor-element-populated\">\n\t\t\t\t\t\t<div class=\"elementor-element elementor-element-2d04af8 elementor-widget elementor-widget-heading\" data-id=\"2d04af8\" data-element_type=\"widget\" data-widget_type=\"heading.default\">\n\t\t\t\t<div class=\"elementor-widget-container\">\n\t\t\t<h2 class=\"elementor-heading-title elementor-size-default\">SOLUTIONS FOR THE METALLURGICAL INDUSTRY\n<\/h2>\t\t<\/div>\n\t\t\t\t<\/div>\n\t\t\t\t<div class=\"elementor-element elementor-element-92fa1fc elementor-widget-divider--view-line elementor-widget elementor-widget-divider\" data-id=\"92fa1fc\" data-element_type=\"widget\" data-widget_type=\"divider.default\">\n\t\t\t\t<div class=\"elementor-widget-container\">\n\t\t\t\t\t<div class=\"elementor-divider\">\n\t\t\t<span class=\"elementor-divider-separator\">\n\t\t\t\t\t\t<\/span>\n\t\t<\/div>\n\t\t\t\t<\/div>\n\t\t\t\t<\/div>\n\t\t\t\t<div class=\"elementor-element elementor-element-573e554 elementor-widget elementor-widget-text-editor\" data-id=\"573e554\" data-element_type=\"widget\" data-widget_type=\"text-editor.default\">\n\t\t\t\t<div class=\"elementor-widget-container\">\n\t\t\t\t\t\t\t<p>The accumulated practical experience of TTS engineers, correlated with the know-how obtained from specialized technical trainings, gives them the ability to evaluate the client's needs and offer guidance towards the most effective solutions.<\/p>\t\t\t\t\t\t<\/div>\n\t\t\t\t<\/div>\n\t\t\t\t\t<\/div>\n\t\t<\/div>\n\t\t\t\t\t<\/div>\n\t\t<\/section>\n\t\t\t\t<section class=\"elementor-section elementor-top-section elementor-element elementor-element-740ae38 elementor-hidden-desktop elementor-hidden-tablet elementor-hidden-mobile elementor-section-boxed elementor-section-height-default elementor-section-height-default\" data-id=\"740ae38\" data-element_type=\"section\">\n\t\t\t\t\t\t<div class=\"elementor-container elementor-column-gap-default\">\n\t\t\t\t\t<div class=\"elementor-column elementor-col-33 elementor-top-column elementor-element elementor-element-2b01cf9\" data-id=\"2b01cf9\" data-element_type=\"column\">\n\t\t\t<div class=\"elementor-widget-wrap elementor-element-populated\">\n\t\t\t\t\t\t<div class=\"elementor-element elementor-element-dd41d21 elementor-widget elementor-widget-heading\" data-id=\"dd41d21\" data-element_type=\"widget\" data-widget_type=\"heading.default\">\n\t\t\t\t<div class=\"elementor-widget-container\">\n\t\t\t<h2 class=\"elementor-heading-title elementor-size-default\"><a href=\"https:\/\/cuttingtools.ceratizit.com\/ie\/en\/industries\/automotive-and-engines.html\" target=\"_blank\">AUTOMOTIVE AND ENGINES<\/a><\/h2>\t\t<\/div>\n\t\t\t\t<\/div>\n\t\t\t\t<div class=\"elementor-element elementor-element-c6c47e3 industry elementor-widget elementor-widget-image\" data-id=\"c6c47e3\" data-element_type=\"widget\" data-widget_type=\"image.default\">\n\t\t\t\t<div class=\"elementor-widget-container\">\n\t\t\t\t\t\t\t\t\t\t\t\t\t\t<a href=\"https:\/\/cuttingtools.ceratizit.com\/ie\/en\/industries\/automotive-and-engines.html\" target=\"_blank\">\n\t\t\t\t\t\t\t<img decoding=\"async\" width=\"287\" height=\"144\" src=\"https:\/\/tts-tools.ro\/wp-content\/uploads\/2021\/01\/AnyConv.com__Automotive-Branchen-Teaser.jpg\" class=\"attachment-full size-full wp-image-368\" alt=\"\" \/>\t\t\t\t\t\t\t\t<\/a>\n\t\t\t\t\t\t\t\t\t\t\t\t\t<\/div>\n\t\t\t\t<\/div>\n\t\t\t\t\t<\/div>\n\t\t<\/div>\n\t\t\t\t<div class=\"elementor-column elementor-col-33 elementor-top-column elementor-element elementor-element-72d2c91\" data-id=\"72d2c91\" data-element_type=\"column\">\n\t\t\t<div class=\"elementor-widget-wrap elementor-element-populated\">\n\t\t\t\t\t\t<div class=\"elementor-element elementor-element-1f4dd16 elementor-widget elementor-widget-heading\" data-id=\"1f4dd16\" data-element_type=\"widget\" data-widget_type=\"heading.default\">\n\t\t\t\t<div class=\"elementor-widget-container\">\n\t\t\t<h2 class=\"elementor-heading-title elementor-size-default\"><a href=\"https:\/\/cuttingtools.ceratizit.com\/ie\/en\/industries\/aerospace.html\" target=\"_blank\">AEROSPACE<\/a><\/h2>\t\t<\/div>\n\t\t\t\t<\/div>\n\t\t\t\t<div class=\"elementor-element elementor-element-f25e313 industry elementor-widget elementor-widget-image\" data-id=\"f25e313\" data-element_type=\"widget\" data-widget_type=\"image.default\">\n\t\t\t\t<div class=\"elementor-widget-container\">\n\t\t\t\t\t\t\t\t\t\t\t\t\t\t<a href=\"https:\/\/cuttingtools.ceratizit.com\/ie\/en\/industries\/aerospace.html\" target=\"_blank\">\n\t\t\t\t\t\t\t<img decoding=\"async\" width=\"287\" height=\"144\" src=\"https:\/\/tts-tools.ro\/wp-content\/uploads\/2021\/01\/AnyConv.com__Aerospace-Branchen-Teaser.jpg\" class=\"attachment-full size-full wp-image-369\" alt=\"\" \/>\t\t\t\t\t\t\t\t<\/a>\n\t\t\t\t\t\t\t\t\t\t\t\t\t<\/div>\n\t\t\t\t<\/div>\n\t\t\t\t\t<\/div>\n\t\t<\/div>\n\t\t\t\t<div class=\"elementor-column elementor-col-33 elementor-top-column elementor-element elementor-element-55cc067\" data-id=\"55cc067\" data-element_type=\"column\">\n\t\t\t<div class=\"elementor-widget-wrap elementor-element-populated\">\n\t\t\t\t\t\t<div class=\"elementor-element elementor-element-6d4be5a elementor-widget elementor-widget-heading\" data-id=\"6d4be5a\" data-element_type=\"widget\" data-widget_type=\"heading.default\">\n\t\t\t\t<div class=\"elementor-widget-container\">\n\t\t\t<h2 class=\"elementor-heading-title elementor-size-default\"><a href=\"https:\/\/cuttingtools.ceratizit.com\/ie\/en\/industries\/medical.html\" target=\"_blank\">MEDICINE<\/a><\/h2>\t\t<\/div>\n\t\t\t\t<\/div>\n\t\t\t\t<div class=\"elementor-element elementor-element-241af03 industry elementor-widget elementor-widget-image\" data-id=\"241af03\" data-element_type=\"widget\" data-widget_type=\"image.default\">\n\t\t\t\t<div class=\"elementor-widget-container\">\n\t\t\t\t\t\t\t\t\t\t\t\t\t\t<a href=\"https:\/\/cuttingtools.ceratizit.com\/ie\/en\/industries\/medical.html\">\n\t\t\t\t\t\t\t<img decoding=\"async\" width=\"287\" height=\"144\" src=\"https:\/\/tts-tools.ro\/wp-content\/uploads\/2021\/01\/AnyConv.com__Medizintechnik-Branchen-Teaser.jpg\" class=\"attachment-full size-full wp-image-370\" alt=\"\" \/>\t\t\t\t\t\t\t\t<\/a>\n\t\t\t\t\t\t\t\t\t\t\t\t\t<\/div>\n\t\t\t\t<\/div>\n\t\t\t\t\t<\/div>\n\t\t<\/div>\n\t\t\t\t\t<\/div>\n\t\t<\/section>\n\t\t\t\t<section class=\"elementor-section elementor-top-section elementor-element elementor-element-07fe132 elementor-hidden-desktop elementor-hidden-tablet elementor-hidden-mobile elementor-section-boxed elementor-section-height-default elementor-section-height-default\" data-id=\"07fe132\" data-element_type=\"section\">\n\t\t\t\t\t\t<div class=\"elementor-container elementor-column-gap-default\">\n\t\t\t\t\t<div class=\"elementor-column elementor-col-33 elementor-top-column elementor-element elementor-element-511c4e6\" data-id=\"511c4e6\" data-element_type=\"column\">\n\t\t\t<div class=\"elementor-widget-wrap elementor-element-populated\">\n\t\t\t\t\t\t<div class=\"elementor-element elementor-element-1156f28 elementor-widget elementor-widget-heading\" data-id=\"1156f28\" data-element_type=\"widget\" data-widget_type=\"heading.default\">\n\t\t\t\t<div class=\"elementor-widget-container\">\n\t\t\t<h2 class=\"elementor-heading-title elementor-size-default\">ENERGY TECHNOLOGY<\/h2>\t\t<\/div>\n\t\t\t\t<\/div>\n\t\t\t\t<div class=\"elementor-element elementor-element-f8c8b17 industry elementor-widget elementor-widget-image\" data-id=\"f8c8b17\" data-element_type=\"widget\" data-widget_type=\"image.default\">\n\t\t\t\t<div class=\"elementor-widget-container\">\n\t\t\t\t\t\t\t\t\t\t\t\t\t<img loading=\"lazy\" decoding=\"async\" width=\"287\" height=\"144\" src=\"https:\/\/tts-tools.ro\/wp-content\/uploads\/2021\/01\/AnyConv.com__Energietechnik-Branchen-Teaser.jpg\" class=\"attachment-full size-full wp-image-371\" alt=\"\" \/>\t\t\t\t\t\t\t\t\t\t\t\t\t<\/div>\n\t\t\t\t<\/div>\n\t\t\t\t\t<\/div>\n\t\t<\/div>\n\t\t\t\t<div class=\"elementor-column elementor-col-33 elementor-top-column elementor-element elementor-element-1cfdcbe\" data-id=\"1cfdcbe\" data-element_type=\"column\">\n\t\t\t<div class=\"elementor-widget-wrap elementor-element-populated\">\n\t\t\t\t\t\t<div class=\"elementor-element elementor-element-7f70813 elementor-widget elementor-widget-heading\" data-id=\"7f70813\" data-element_type=\"widget\" data-widget_type=\"heading.default\">\n\t\t\t\t<div class=\"elementor-widget-container\">\n\t\t\t<h2 class=\"elementor-heading-title elementor-size-default\">Industria de depozitare<\/h2>\t\t<\/div>\n\t\t\t\t<\/div>\n\t\t\t\t<div class=\"elementor-element elementor-element-fd621f3 industry elementor-widget elementor-widget-image\" data-id=\"fd621f3\" data-element_type=\"widget\" data-widget_type=\"image.default\">\n\t\t\t\t<div class=\"elementor-widget-container\">\n\t\t\t\t\t\t\t\t\t\t\t\t\t<img loading=\"lazy\" decoding=\"async\" width=\"287\" height=\"144\" src=\"https:\/\/tts-tools.ro\/wp-content\/uploads\/2021\/01\/AnyConv.com__Transportechnik-Branchen-Teaser.jpg\" class=\"attachment-full size-full wp-image-372\" alt=\"\" \/>\t\t\t\t\t\t\t\t\t\t\t\t\t<\/div>\n\t\t\t\t<\/div>\n\t\t\t\t\t<\/div>\n\t\t<\/div>\n\t\t\t\t<div class=\"elementor-column elementor-col-33 elementor-top-column elementor-element elementor-element-87263e0\" data-id=\"87263e0\" data-element_type=\"column\">\n\t\t\t<div class=\"elementor-widget-wrap elementor-element-populated\">\n\t\t\t\t\t\t<div class=\"elementor-element elementor-element-893553e elementor-widget elementor-widget-heading\" data-id=\"893553e\" data-element_type=\"widget\" data-widget_type=\"heading.default\">\n\t\t\t\t<div class=\"elementor-widget-container\">\n\t\t\t<h2 class=\"elementor-heading-title elementor-size-default\">HEAVY MACHINING<\/h2>\t\t<\/div>\n\t\t\t\t<\/div>\n\t\t\t\t<div class=\"elementor-element elementor-element-cf651f8 industry elementor-widget elementor-widget-image\" data-id=\"cf651f8\" data-element_type=\"widget\" data-widget_type=\"image.default\">\n\t\t\t\t<div class=\"elementor-widget-container\">\n\t\t\t\t\t\t\t\t\t\t\t\t\t<img loading=\"lazy\" decoding=\"async\" width=\"287\" height=\"144\" src=\"https:\/\/tts-tools.ro\/wp-content\/uploads\/2021\/01\/AnyConv.com__Schwerzerspanung-Branchen-Teaser.jpg\" class=\"attachment-full size-full wp-image-373\" alt=\"\" \/>\t\t\t\t\t\t\t\t\t\t\t\t\t<\/div>\n\t\t\t\t<\/div>\n\t\t\t\t\t<\/div>\n\t\t<\/div>\n\t\t\t\t\t<\/div>\n\t\t<\/section>\n\t\t\t\t<section class=\"elementor-section elementor-top-section elementor-element elementor-element-5f64936 elementor-section-boxed elementor-section-height-default elementor-section-height-default\" data-id=\"5f64936\" data-element_type=\"section\">\n\t\t\t\t\t\t<div class=\"elementor-container elementor-column-gap-default\">\n\t\t\t\t\t<div class=\"elementor-column elementor-col-33 elementor-top-column elementor-element elementor-element-85399f2\" data-id=\"85399f2\" data-element_type=\"column\" data-settings=\"{&quot;background_background&quot;:&quot;classic&quot;}\">\n\t\t\t<div class=\"elementor-widget-wrap elementor-element-populated\">\n\t\t\t\t\t\t<div class=\"elementor-element elementor-element-86379ff elementor-widget elementor-widget-heading\" data-id=\"86379ff\" data-element_type=\"widget\" data-widget_type=\"heading.default\">\n\t\t\t\t<div class=\"elementor-widget-container\">\n\t\t\t<h2 class=\"elementor-heading-title elementor-size-default\"><a href=\"https:\/\/cuttingtools.ceratizit.com\/ie\/en\/industries\/automotive-and-engines.html\" target=\"_blank\">AUTOMOTIVE AND ENGINES<\/a><\/h2>\t\t<\/div>\n\t\t\t\t<\/div>\n\t\t\t\t<div class=\"elementor-element elementor-element-7d566c6 industry elementor-widget elementor-widget-image\" data-id=\"7d566c6\" data-element_type=\"widget\" data-widget_type=\"image.default\">\n\t\t\t\t<div class=\"elementor-widget-container\">\n\t\t\t\t\t\t\t\t\t\t\t\t\t\t<a href=\"https:\/\/cuttingtools.ceratizit.com\/ie\/en\/industries\/automotive-and-engines.html\" target=\"_blank\">\n\t\t\t\t\t\t\t<img loading=\"lazy\" decoding=\"async\" width=\"1600\" height=\"900\" src=\"https:\/\/tts-tools.ro\/wp-content\/uploads\/2025\/05\/vlcsnap-2025-05-08-15h32m57s751.png\" class=\"attachment-full size-full wp-image-2556\" alt=\"\" srcset=\"https:\/\/tts-tools.ro\/wp-content\/uploads\/2025\/05\/vlcsnap-2025-05-08-15h32m57s751.png 1600w, https:\/\/tts-tools.ro\/wp-content\/uploads\/2025\/05\/vlcsnap-2025-05-08-15h32m57s751-300x169.png 300w, https:\/\/tts-tools.ro\/wp-content\/uploads\/2025\/05\/vlcsnap-2025-05-08-15h32m57s751-1024x576.png 1024w, https:\/\/tts-tools.ro\/wp-content\/uploads\/2025\/05\/vlcsnap-2025-05-08-15h32m57s751-768x432.png 768w, https:\/\/tts-tools.ro\/wp-content\/uploads\/2025\/05\/vlcsnap-2025-05-08-15h32m57s751-1536x864.png 1536w, https:\/\/tts-tools.ro\/wp-content\/uploads\/2025\/05\/vlcsnap-2025-05-08-15h32m57s751-2048x1152.png 2048w, https:\/\/tts-tools.ro\/wp-content\/uploads\/2025\/05\/vlcsnap-2025-05-08-15h32m57s751-18x10.png 18w\" sizes=\"(max-width: 1600px) 100vw, 1600px\" \/>\t\t\t\t\t\t\t\t<\/a>\n\t\t\t\t\t\t\t\t\t\t\t\t\t<\/div>\n\t\t\t\t<\/div>\n\t\t\t\t\t<\/div>\n\t\t<\/div>\n\t\t\t\t<div class=\"elementor-column elementor-col-33 elementor-top-column elementor-element elementor-element-4c39606\" data-id=\"4c39606\" data-element_type=\"column\" data-settings=\"{&quot;background_background&quot;:&quot;classic&quot;}\">\n\t\t\t<div class=\"elementor-widget-wrap elementor-element-populated\">\n\t\t\t\t\t\t<div class=\"elementor-element elementor-element-d98c71c elementor-widget elementor-widget-heading\" data-id=\"d98c71c\" data-element_type=\"widget\" data-widget_type=\"heading.default\">\n\t\t\t\t<div class=\"elementor-widget-container\">\n\t\t\t<h2 class=\"elementor-heading-title elementor-size-default\"><a href=\"https:\/\/cuttingtools.ceratizit.com\/ie\/en\/industries\/aerospace.html\" target=\"_blank\">AEROSPACE<\/a><\/h2>\t\t<\/div>\n\t\t\t\t<\/div>\n\t\t\t\t<div class=\"elementor-element elementor-element-2cbdd81 industry elementor-widget elementor-widget-image\" data-id=\"2cbdd81\" data-element_type=\"widget\" data-widget_type=\"image.default\">\n\t\t\t\t<div class=\"elementor-widget-container\">\n\t\t\t\t\t\t\t\t\t\t\t\t\t\t<a href=\"https:\/\/cuttingtools.ceratizit.com\/ie\/en\/industries\/aerospace.html\" target=\"_blank\">\n\t\t\t\t\t\t\t<img loading=\"lazy\" decoding=\"async\" width=\"1600\" height=\"900\" src=\"https:\/\/tts-tools.ro\/wp-content\/uploads\/2025\/05\/vlcsnap-2025-05-08-15h33m14s900.png\" class=\"attachment-full size-full wp-image-2557\" alt=\"\" srcset=\"https:\/\/tts-tools.ro\/wp-content\/uploads\/2025\/05\/vlcsnap-2025-05-08-15h33m14s900.png 1600w, https:\/\/tts-tools.ro\/wp-content\/uploads\/2025\/05\/vlcsnap-2025-05-08-15h33m14s900-300x169.png 300w, https:\/\/tts-tools.ro\/wp-content\/uploads\/2025\/05\/vlcsnap-2025-05-08-15h33m14s900-1024x576.png 1024w, https:\/\/tts-tools.ro\/wp-content\/uploads\/2025\/05\/vlcsnap-2025-05-08-15h33m14s900-768x432.png 768w, https:\/\/tts-tools.ro\/wp-content\/uploads\/2025\/05\/vlcsnap-2025-05-08-15h33m14s900-1536x864.png 1536w, https:\/\/tts-tools.ro\/wp-content\/uploads\/2025\/05\/vlcsnap-2025-05-08-15h33m14s900-2048x1152.png 2048w, https:\/\/tts-tools.ro\/wp-content\/uploads\/2025\/05\/vlcsnap-2025-05-08-15h33m14s900-18x10.png 18w\" sizes=\"(max-width: 1600px) 100vw, 1600px\" \/>\t\t\t\t\t\t\t\t<\/a>\n\t\t\t\t\t\t\t\t\t\t\t\t\t<\/div>\n\t\t\t\t<\/div>\n\t\t\t\t\t<\/div>\n\t\t<\/div>\n\t\t\t\t<div class=\"elementor-column elementor-col-33 elementor-top-column elementor-element elementor-element-5b6ac66\" data-id=\"5b6ac66\" data-element_type=\"column\" data-settings=\"{&quot;background_background&quot;:&quot;classic&quot;}\">\n\t\t\t<div class=\"elementor-widget-wrap elementor-element-populated\">\n\t\t\t\t\t\t<div class=\"elementor-element elementor-element-8fccce9 elementor-widget elementor-widget-heading\" data-id=\"8fccce9\" data-element_type=\"widget\" data-widget_type=\"heading.default\">\n\t\t\t\t<div class=\"elementor-widget-container\">\n\t\t\t<h2 class=\"elementor-heading-title elementor-size-default\"><a href=\"https:\/\/cuttingtools.ceratizit.com\/ie\/en\/industries\/medical.html\" target=\"_blank\">MEDICINE<\/a><\/h2>\t\t<\/div>\n\t\t\t\t<\/div>\n\t\t\t\t<div class=\"elementor-element elementor-element-3d0f779 industry elementor-widget elementor-widget-image\" data-id=\"3d0f779\" data-element_type=\"widget\" data-widget_type=\"image.default\">\n\t\t\t\t<div class=\"elementor-widget-container\">\n\t\t\t\t\t\t\t\t\t\t\t\t\t\t<a href=\"https:\/\/cuttingtools.ceratizit.com\/ie\/en\/industries\/medical.html\" target=\"_blank\">\n\t\t\t\t\t\t\t<img loading=\"lazy\" decoding=\"async\" width=\"1068\" height=\"1600\" src=\"https:\/\/tts-tools.ro\/wp-content\/uploads\/2025\/05\/technician-repairing-a-laptop-in-the-lab-concept-2025-01-09-12-13-42-utc-scaled.jpg\" class=\"attachment-full size-full wp-image-2559\" alt=\"\" srcset=\"https:\/\/tts-tools.ro\/wp-content\/uploads\/2025\/05\/technician-repairing-a-laptop-in-the-lab-concept-2025-01-09-12-13-42-utc-scaled.jpg 1068w, https:\/\/tts-tools.ro\/wp-content\/uploads\/2025\/05\/technician-repairing-a-laptop-in-the-lab-concept-2025-01-09-12-13-42-utc-200x300.jpg 200w, https:\/\/tts-tools.ro\/wp-content\/uploads\/2025\/05\/technician-repairing-a-laptop-in-the-lab-concept-2025-01-09-12-13-42-utc-684x1024.jpg 684w, https:\/\/tts-tools.ro\/wp-content\/uploads\/2025\/05\/technician-repairing-a-laptop-in-the-lab-concept-2025-01-09-12-13-42-utc-768x1150.jpg 768w, https:\/\/tts-tools.ro\/wp-content\/uploads\/2025\/05\/technician-repairing-a-laptop-in-the-lab-concept-2025-01-09-12-13-42-utc-1025x1536.jpg 1025w, https:\/\/tts-tools.ro\/wp-content\/uploads\/2025\/05\/technician-repairing-a-laptop-in-the-lab-concept-2025-01-09-12-13-42-utc-1367x2048.jpg 1367w, https:\/\/tts-tools.ro\/wp-content\/uploads\/2025\/05\/technician-repairing-a-laptop-in-the-lab-concept-2025-01-09-12-13-42-utc-8x12.jpg 8w\" sizes=\"(max-width: 1068px) 100vw, 1068px\" \/>\t\t\t\t\t\t\t\t<\/a>\n\t\t\t\t\t\t\t\t\t\t\t\t\t<\/div>\n\t\t\t\t<\/div>\n\t\t\t\t\t<\/div>\n\t\t<\/div>\n\t\t\t\t\t<\/div>\n\t\t<\/section>\n\t\t\t\t<section class=\"elementor-section elementor-top-section elementor-element elementor-element-2744178 elementor-section-boxed elementor-section-height-default elementor-section-height-default\" data-id=\"2744178\" data-element_type=\"section\">\n\t\t\t\t\t\t<div class=\"elementor-container elementor-column-gap-default\">\n\t\t\t\t\t<div class=\"elementor-column elementor-col-33 elementor-top-column elementor-element elementor-element-6920d46\" data-id=\"6920d46\" data-element_type=\"column\" data-settings=\"{&quot;background_background&quot;:&quot;classic&quot;}\">\n\t\t\t<div class=\"elementor-widget-wrap elementor-element-populated\">\n\t\t\t\t\t\t<div class=\"elementor-element elementor-element-88d25dc elementor-widget elementor-widget-heading\" data-id=\"88d25dc\" data-element_type=\"widget\" data-widget_type=\"heading.default\">\n\t\t\t\t<div class=\"elementor-widget-container\">\n\t\t\t<h2 class=\"elementor-heading-title elementor-size-default\">ENERGY TECHNOLOGY<\/h2>\t\t<\/div>\n\t\t\t\t<\/div>\n\t\t\t\t<div class=\"elementor-element elementor-element-1f9a8f3 industry elementor-widget elementor-widget-image\" data-id=\"1f9a8f3\" data-element_type=\"widget\" data-widget_type=\"image.default\">\n\t\t\t\t<div class=\"elementor-widget-container\">\n\t\t\t\t\t\t\t\t\t\t\t\t\t<img loading=\"lazy\" decoding=\"async\" width=\"1600\" height=\"900\" src=\"https:\/\/tts-tools.ro\/wp-content\/uploads\/2025\/05\/vlcsnap-2025-05-08-15h46m43s625.png\" class=\"attachment-full size-full wp-image-2560\" alt=\"\" srcset=\"https:\/\/tts-tools.ro\/wp-content\/uploads\/2025\/05\/vlcsnap-2025-05-08-15h46m43s625.png 1600w, https:\/\/tts-tools.ro\/wp-content\/uploads\/2025\/05\/vlcsnap-2025-05-08-15h46m43s625-300x169.png 300w, https:\/\/tts-tools.ro\/wp-content\/uploads\/2025\/05\/vlcsnap-2025-05-08-15h46m43s625-1024x576.png 1024w, https:\/\/tts-tools.ro\/wp-content\/uploads\/2025\/05\/vlcsnap-2025-05-08-15h46m43s625-768x432.png 768w, https:\/\/tts-tools.ro\/wp-content\/uploads\/2025\/05\/vlcsnap-2025-05-08-15h46m43s625-1536x864.png 1536w, https:\/\/tts-tools.ro\/wp-content\/uploads\/2025\/05\/vlcsnap-2025-05-08-15h46m43s625-2048x1152.png 2048w, https:\/\/tts-tools.ro\/wp-content\/uploads\/2025\/05\/vlcsnap-2025-05-08-15h46m43s625-18x10.png 18w\" sizes=\"(max-width: 1600px) 100vw, 1600px\" \/>\t\t\t\t\t\t\t\t\t\t\t\t\t<\/div>\n\t\t\t\t<\/div>\n\t\t\t\t\t<\/div>\n\t\t<\/div>\n\t\t\t\t<div class=\"elementor-column elementor-col-33 elementor-top-column elementor-element elementor-element-a553de5\" data-id=\"a553de5\" data-element_type=\"column\" data-settings=\"{&quot;background_background&quot;:&quot;classic&quot;}\">\n\t\t\t<div class=\"elementor-widget-wrap elementor-element-populated\">\n\t\t\t\t\t\t<div class=\"elementor-element elementor-element-f42b7da elementor-widget elementor-widget-heading\" data-id=\"f42b7da\" data-element_type=\"widget\" data-widget_type=\"heading.default\">\n\t\t\t\t<div class=\"elementor-widget-container\">\n\t\t\t<h2 class=\"elementor-heading-title elementor-size-default\">RAILWAY INDUSTRY<\/h2>\t\t<\/div>\n\t\t\t\t<\/div>\n\t\t\t\t<div class=\"elementor-element elementor-element-2469c72 industry elementor-widget elementor-widget-image\" data-id=\"2469c72\" data-element_type=\"widget\" data-widget_type=\"image.default\">\n\t\t\t\t<div class=\"elementor-widget-container\">\n\t\t\t\t\t\t\t\t\t\t\t\t\t<img loading=\"lazy\" decoding=\"async\" width=\"1600\" height=\"1073\" src=\"https:\/\/tts-tools.ro\/wp-content\/uploads\/2025\/05\/high-speed-train-in-motion-at-modern-railway-stati-2024-12-02-03-27-55-utc-scaled.jpg\" class=\"attachment-full size-full wp-image-2561\" alt=\"\" srcset=\"https:\/\/tts-tools.ro\/wp-content\/uploads\/2025\/05\/high-speed-train-in-motion-at-modern-railway-stati-2024-12-02-03-27-55-utc-scaled.jpg 1600w, https:\/\/tts-tools.ro\/wp-content\/uploads\/2025\/05\/high-speed-train-in-motion-at-modern-railway-stati-2024-12-02-03-27-55-utc-300x201.jpg 300w, https:\/\/tts-tools.ro\/wp-content\/uploads\/2025\/05\/high-speed-train-in-motion-at-modern-railway-stati-2024-12-02-03-27-55-utc-1024x687.jpg 1024w, https:\/\/tts-tools.ro\/wp-content\/uploads\/2025\/05\/high-speed-train-in-motion-at-modern-railway-stati-2024-12-02-03-27-55-utc-768x515.jpg 768w, https:\/\/tts-tools.ro\/wp-content\/uploads\/2025\/05\/high-speed-train-in-motion-at-modern-railway-stati-2024-12-02-03-27-55-utc-1536x1030.jpg 1536w, https:\/\/tts-tools.ro\/wp-content\/uploads\/2025\/05\/high-speed-train-in-motion-at-modern-railway-stati-2024-12-02-03-27-55-utc-2048x1373.jpg 2048w, https:\/\/tts-tools.ro\/wp-content\/uploads\/2025\/05\/high-speed-train-in-motion-at-modern-railway-stati-2024-12-02-03-27-55-utc-18x12.jpg 18w\" sizes=\"(max-width: 1600px) 100vw, 1600px\" \/>\t\t\t\t\t\t\t\t\t\t\t\t\t<\/div>\n\t\t\t\t<\/div>\n\t\t\t\t\t<\/div>\n\t\t<\/div>\n\t\t\t\t<div class=\"elementor-column elementor-col-33 elementor-top-column elementor-element elementor-element-f2e339a\" data-id=\"f2e339a\" data-element_type=\"column\" data-settings=\"{&quot;background_background&quot;:&quot;classic&quot;}\">\n\t\t\t<div class=\"elementor-widget-wrap elementor-element-populated\">\n\t\t\t\t\t\t<div class=\"elementor-element elementor-element-7a9c89e elementor-widget elementor-widget-heading\" data-id=\"7a9c89e\" data-element_type=\"widget\" data-widget_type=\"heading.default\">\n\t\t\t\t<div class=\"elementor-widget-container\">\n\t\t\t<h2 class=\"elementor-heading-title elementor-size-default\"><a href=\"https:\/\/bgcncpro.ro\" target=\"_blank\">HEAVY MACHINING<\/a><\/h2>\t\t<\/div>\n\t\t\t\t<\/div>\n\t\t\t\t<div class=\"elementor-element elementor-element-5354120 industry elementor-widget elementor-widget-image\" data-id=\"5354120\" data-element_type=\"widget\" data-widget_type=\"image.default\">\n\t\t\t\t<div class=\"elementor-widget-container\">\n\t\t\t\t\t\t\t\t\t\t\t\t\t\t<a href=\"https:\/\/bgcncpro.ro\" target=\"_blank\">\n\t\t\t\t\t\t\t<img loading=\"lazy\" decoding=\"async\" width=\"1600\" height=\"1558\" src=\"https:\/\/tts-tools.ro\/wp-content\/uploads\/2025\/05\/02-scaled-e1732543564842.jpg\" class=\"attachment-full size-full wp-image-2562\" alt=\"\" srcset=\"https:\/\/tts-tools.ro\/wp-content\/uploads\/2025\/05\/02-scaled-e1732543564842.jpg 1600w, https:\/\/tts-tools.ro\/wp-content\/uploads\/2025\/05\/02-scaled-e1732543564842-300x292.jpg 300w, https:\/\/tts-tools.ro\/wp-content\/uploads\/2025\/05\/02-scaled-e1732543564842-1024x997.jpg 1024w, https:\/\/tts-tools.ro\/wp-content\/uploads\/2025\/05\/02-scaled-e1732543564842-768x748.jpg 768w, https:\/\/tts-tools.ro\/wp-content\/uploads\/2025\/05\/02-scaled-e1732543564842-1536x1496.jpg 1536w, https:\/\/tts-tools.ro\/wp-content\/uploads\/2025\/05\/02-scaled-e1732543564842-12x12.jpg 12w\" sizes=\"(max-width: 1600px) 100vw, 1600px\" \/>\t\t\t\t\t\t\t\t<\/a>\n\t\t\t\t\t\t\t\t\t\t\t\t\t<\/div>\n\t\t\t\t<\/div>\n\t\t\t\t\t<\/div>\n\t\t<\/div>\n\t\t\t\t\t<\/div>\n\t\t<\/section>\n\t\t\t\t<\/div>","protected":false},"excerpt":{"rendered":"<p>Solu\u0163ii pentru industria metalurgic\u0103 Experien\u021ba practic\u0103 acumulat\u0103 a inginerilor TTS, corelat\u0103 cu know-how-ul ob\u021binut \u00een urma trainingurilor tehnice de specialitate, le confer\u0103 capacitatea de a evalua nevoile clientului \u0219i de a oferi \u00eendrumare c\u0103tre cele mai eficiente solu\u021bii. Automobile \u0219i motoare Industria aerospa\u021bial\u0103 Medicin\u0103 Energetic\u0103 Industria de depozitare A\u015fchiere grea Automobile \u0219i motoare Industria aerospa\u021bial\u0103 &hellip;<\/p>\n<p class=\"read-more\"> <a class=\"\" href=\"https:\/\/tts-tools.ro\/en\/industry-solutions\/\"> <span class=\"screen-reader-text\">Industry solutions<\/span> Read More &raquo;<\/a><\/p>","protected":false},"author":1,"featured_media":0,"parent":0,"menu_order":0,"comment_status":"closed","ping_status":"closed","template":"","meta":{"footnotes":""},"_links":{"self":[{"href":"https:\/\/tts-tools.ro\/en\/wp-json\/wp\/v2\/pages\/361"}],"collection":[{"href":"https:\/\/tts-tools.ro\/en\/wp-json\/wp\/v2\/pages"}],"about":[{"href":"https:\/\/tts-tools.ro\/en\/wp-json\/wp\/v2\/types\/page"}],"author":[{"embeddable":true,"href":"https:\/\/tts-tools.ro\/en\/wp-json\/wp\/v2\/users\/1"}],"replies":[{"embeddable":true,"href":"https:\/\/tts-tools.ro\/en\/wp-json\/wp\/v2\/comments?post=361"}],"version-history":[{"count":71,"href":"https:\/\/tts-tools.ro\/en\/wp-json\/wp\/v2\/pages\/361\/revisions"}],"predecessor-version":[{"id":2635,"href":"https:\/\/tts-tools.ro\/en\/wp-json\/wp\/v2\/pages\/361\/revisions\/2635"}],"wp:attachment":[{"href":"https:\/\/tts-tools.ro\/en\/wp-json\/wp\/v2\/media?parent=361"}],"curies":[{"name":"wp","href":"https:\/\/api.w.org\/{rel}","templated":true}]}}