{"id":2992,"date":"2025-05-15T06:07:44","date_gmt":"2025-05-15T06:07:44","guid":{"rendered":"https:\/\/tts-tools.ro\/?page_id=2992"},"modified":"2025-05-15T13:16:06","modified_gmt":"2025-05-15T13:16:06","slug":"capacitate-de-productie-scule-la-tema","status":"publish","type":"page","link":"https:\/\/tts-tools.ro\/en\/capacitate-de-productie-scule-la-tema\/","title":{"rendered":"Custom Tool Production &amp; Capacity"},"content":{"rendered":"<div data-elementor-type=\"wp-page\" data-elementor-id=\"2992\" class=\"elementor elementor-2992\" data-elementor-post-type=\"page\">\n\t\t\t\t\t\t<section class=\"elementor-section elementor-top-section elementor-element elementor-element-b29680e elementor-section-boxed elementor-section-height-default elementor-section-height-default\" data-id=\"b29680e\" data-element_type=\"section\">\n\t\t\t\t\t\t<div class=\"elementor-container elementor-column-gap-default\">\n\t\t\t\t\t<div class=\"elementor-column elementor-col-100 elementor-top-column elementor-element elementor-element-67a9c39\" data-id=\"67a9c39\" data-element_type=\"column\">\n\t\t\t<div class=\"elementor-widget-wrap elementor-element-populated\">\n\t\t\t\t\t\t<div class=\"elementor-element elementor-element-175c1b5 elementor-widget elementor-widget-heading\" data-id=\"175c1b5\" data-element_type=\"widget\" data-widget_type=\"heading.default\">\n\t\t\t\t<div class=\"elementor-widget-container\">\n\t\t\t<h2 class=\"elementor-heading-title elementor-size-default\">Production capacity<\/h2>\t\t<\/div>\n\t\t\t\t<\/div>\n\t\t\t\t\t<\/div>\n\t\t<\/div>\n\t\t\t\t\t<\/div>\n\t\t<\/section>\n\t\t\t\t<section class=\"elementor-section elementor-top-section elementor-element elementor-element-82d1d21 elementor-reverse-mobile elementor-section-boxed elementor-section-height-default elementor-section-height-default\" data-id=\"82d1d21\" data-element_type=\"section\">\n\t\t\t\t\t\t<div class=\"elementor-container elementor-column-gap-default\">\n\t\t\t\t\t<div class=\"elementor-column elementor-col-50 elementor-top-column elementor-element elementor-element-f30b400\" data-id=\"f30b400\" data-element_type=\"column\">\n\t\t\t<div class=\"elementor-widget-wrap elementor-element-populated\">\n\t\t\t\t\t\t<div class=\"elementor-element elementor-element-eeaf8f3 elementor-widget elementor-widget-heading\" data-id=\"eeaf8f3\" data-element_type=\"widget\" data-widget_type=\"heading.default\">\n\t\t\t\t<div class=\"elementor-widget-container\">\n\t\t\t<h2 class=\"elementor-heading-title elementor-size-default\">ANCA FX7 Ultra<\/h2>\t\t<\/div>\n\t\t\t\t<\/div>\n\t\t\t\t<div class=\"elementor-element elementor-element-0b40782 elementor-widget elementor-widget-text-editor\" data-id=\"0b40782\" data-element_type=\"widget\" data-widget_type=\"text-editor.default\">\n\t\t\t\t<div class=\"elementor-widget-container\">\n\t\t\t\t\t\t\t<p><span style=\"font-weight: 400;\">Tool Length (Max) &#8211; flute length may vary depending on tooling (if applicable): 200 mm (8&#8243;)<\/span><\/p><p><span style=\"font-weight: 400;\">Max. Tool Capacity (with loader): Fanuc loader: 840 x \u00d8 3 mm 520 x \u00d8 6 mm 221 x \u00d8 12 mm<\/span><\/p>\t\t\t\t\t\t<\/div>\n\t\t\t\t<\/div>\n\t\t\t\t\t<\/div>\n\t\t<\/div>\n\t\t\t\t<div class=\"elementor-column elementor-col-50 elementor-top-column elementor-element elementor-element-53c2ef6\" data-id=\"53c2ef6\" data-element_type=\"column\">\n\t\t\t<div class=\"elementor-widget-wrap elementor-element-populated\">\n\t\t\t\t\t\t<div class=\"elementor-element elementor-element-1d67f08 elementor-widget elementor-widget-image\" data-id=\"1d67f08\" data-element_type=\"widget\" data-widget_type=\"image.default\">\n\t\t\t\t<div class=\"elementor-widget-container\">\n\t\t\t\t\t\t\t\t\t\t\t\t\t<img fetchpriority=\"high\" decoding=\"async\" width=\"308\" height=\"350\" src=\"https:\/\/tts-tools.ro\/wp-content\/uploads\/2025\/05\/WhatsApp-Image-2025-05-13-at-09.55.38_99a3e362-e1747289654848.jpg\" class=\"attachment-large size-large wp-image-3023\" alt=\"\" srcset=\"https:\/\/tts-tools.ro\/wp-content\/uploads\/2025\/05\/WhatsApp-Image-2025-05-13-at-09.55.38_99a3e362-e1747289654848.jpg 308w, https:\/\/tts-tools.ro\/wp-content\/uploads\/2025\/05\/WhatsApp-Image-2025-05-13-at-09.55.38_99a3e362-e1747289654848-264x300.jpg 264w, https:\/\/tts-tools.ro\/wp-content\/uploads\/2025\/05\/WhatsApp-Image-2025-05-13-at-09.55.38_99a3e362-e1747289654848-11x12.jpg 11w\" sizes=\"(max-width: 308px) 100vw, 308px\" \/>\t\t\t\t\t\t\t\t\t\t\t\t\t<\/div>\n\t\t\t\t<\/div>\n\t\t\t\t\t<\/div>\n\t\t<\/div>\n\t\t\t\t\t<\/div>\n\t\t<\/section>\n\t\t\t\t<section class=\"elementor-section elementor-top-section elementor-element elementor-element-6339591 elementor-section-boxed elementor-section-height-default elementor-section-height-default\" data-id=\"6339591\" data-element_type=\"section\">\n\t\t\t\t\t\t<div class=\"elementor-container elementor-column-gap-default\">\n\t\t\t\t\t<div class=\"elementor-column elementor-col-50 elementor-top-column elementor-element elementor-element-bb67df7\" data-id=\"bb67df7\" data-element_type=\"column\">\n\t\t\t<div class=\"elementor-widget-wrap elementor-element-populated\">\n\t\t\t\t\t\t<div class=\"elementor-element elementor-element-e617207 elementor-widget elementor-widget-image\" data-id=\"e617207\" data-element_type=\"widget\" data-widget_type=\"image.default\">\n\t\t\t\t<div class=\"elementor-widget-container\">\n\t\t\t\t\t\t\t\t\t\t\t\t\t<img decoding=\"async\" width=\"1024\" height=\"874\" src=\"https:\/\/tts-tools.ro\/wp-content\/uploads\/2025\/05\/WhatsApp-Image-2025-05-09-at-13.49.58_b70297f1-1024x874.jpg\" class=\"attachment-large size-large wp-image-2848\" alt=\"\" srcset=\"https:\/\/tts-tools.ro\/wp-content\/uploads\/2025\/05\/WhatsApp-Image-2025-05-09-at-13.49.58_b70297f1-1024x874.jpg 1024w, https:\/\/tts-tools.ro\/wp-content\/uploads\/2025\/05\/WhatsApp-Image-2025-05-09-at-13.49.58_b70297f1-300x256.jpg 300w, https:\/\/tts-tools.ro\/wp-content\/uploads\/2025\/05\/WhatsApp-Image-2025-05-09-at-13.49.58_b70297f1-768x656.jpg 768w, https:\/\/tts-tools.ro\/wp-content\/uploads\/2025\/05\/WhatsApp-Image-2025-05-09-at-13.49.58_b70297f1-1536x1311.jpg 1536w, https:\/\/tts-tools.ro\/wp-content\/uploads\/2025\/05\/WhatsApp-Image-2025-05-09-at-13.49.58_b70297f1-14x12.jpg 14w, https:\/\/tts-tools.ro\/wp-content\/uploads\/2025\/05\/WhatsApp-Image-2025-05-09-at-13.49.58_b70297f1.jpg 1600w\" sizes=\"(max-width: 1024px) 100vw, 1024px\" \/>\t\t\t\t\t\t\t\t\t\t\t\t\t<\/div>\n\t\t\t\t<\/div>\n\t\t\t\t\t<\/div>\n\t\t<\/div>\n\t\t\t\t<div class=\"elementor-column elementor-col-50 elementor-top-column elementor-element elementor-element-3c12818\" data-id=\"3c12818\" data-element_type=\"column\">\n\t\t\t<div class=\"elementor-widget-wrap elementor-element-populated\">\n\t\t\t\t\t\t<div class=\"elementor-element elementor-element-6574167 elementor-widget elementor-widget-heading\" data-id=\"6574167\" data-element_type=\"widget\" data-widget_type=\"heading.default\">\n\t\t\t\t<div class=\"elementor-widget-container\">\n\t\t\t<h2 class=\"elementor-heading-title elementor-size-default\">ANCA FX5 Linear<\/h2>\t\t<\/div>\n\t\t\t\t<\/div>\n\t\t\t\t<div class=\"elementor-element elementor-element-61884c7 elementor-widget elementor-widget-text-editor\" data-id=\"61884c7\" data-element_type=\"widget\" data-widget_type=\"text-editor.default\">\n\t\t\t\t<div class=\"elementor-widget-container\">\n\t\t\t\t\t\t\t<p><span style=\"font-weight: 400;\">Tool Length (Max) &#8211; flute length may vary depending on tooling (if applicable): 200 mm (8&#8243;)<\/span><\/p><p><span style=\"font-weight: 400;\">Max. Tool Capacity (with loader): 340 x \u00d8 3 mm 200 x \u00d8 6 mm 80 x \u00d8 12 mm<\/span><\/p>\t\t\t\t\t\t<\/div>\n\t\t\t\t<\/div>\n\t\t\t\t\t<\/div>\n\t\t<\/div>\n\t\t\t\t\t<\/div>\n\t\t<\/section>\n\t\t\t\t<section class=\"elementor-section elementor-top-section elementor-element elementor-element-f8d8fda elementor-reverse-mobile elementor-section-boxed elementor-section-height-default elementor-section-height-default\" data-id=\"f8d8fda\" data-element_type=\"section\">\n\t\t\t\t\t\t<div class=\"elementor-container elementor-column-gap-default\">\n\t\t\t\t\t<div class=\"elementor-column elementor-col-33 elementor-top-column elementor-element elementor-element-595a207\" data-id=\"595a207\" data-element_type=\"column\">\n\t\t\t<div class=\"elementor-widget-wrap elementor-element-populated\">\n\t\t\t\t\t\t<div class=\"elementor-element elementor-element-d6186ce elementor-widget elementor-widget-heading\" data-id=\"d6186ce\" data-element_type=\"widget\" data-widget_type=\"heading.default\">\n\t\t\t\t<div class=\"elementor-widget-container\">\n\t\t\t<h2 class=\"elementor-heading-title elementor-size-default\">ZOLLER- High-Precision Universal Measuring Machine<\/h2>\t\t<\/div>\n\t\t\t\t<\/div>\n\t\t\t\t<div class=\"elementor-element elementor-element-ceeb8a8 elementor-widget elementor-widget-text-editor\" data-id=\"ceeb8a8\" data-element_type=\"widget\" data-widget_type=\"text-editor.default\">\n\t\t\t\t<div class=\"elementor-widget-container\">\n\t\t\t\t\t\t\t<p><span style=\"font-weight: 400;\">Measuring range Z: 600 mm (23.6 inch)<\/span><\/p><p><span style=\"font-weight: 400;\">Measuring range X: 175 mm (6.9 inch)<\/span><\/p><p><span style=\"font-weight: 400;\">Measuring range Y: 100 mm (3.9 inch)<\/span><\/p><p><span style=\"font-weight: 400;\">Measurable tool \u00d8: 400 mm (15.7 inch)<\/span><\/p>\t\t\t\t\t\t<\/div>\n\t\t\t\t<\/div>\n\t\t\t\t\t<\/div>\n\t\t<\/div>\n\t\t\t\t<div class=\"elementor-column elementor-col-33 elementor-top-column elementor-element elementor-element-52c0729\" data-id=\"52c0729\" data-element_type=\"column\">\n\t\t\t<div class=\"elementor-widget-wrap elementor-element-populated\">\n\t\t\t\t\t\t<div class=\"elementor-element elementor-element-e92324e elementor-widget elementor-widget-image\" data-id=\"e92324e\" data-element_type=\"widget\" data-widget_type=\"image.default\">\n\t\t\t\t<div class=\"elementor-widget-container\">\n\t\t\t\t\t\t\t\t\t\t\t\t\t<img decoding=\"async\" width=\"500\" height=\"500\" src=\"https:\/\/tts-tools.ro\/wp-content\/uploads\/2025\/05\/WhatsApp-Image-2025-05-09-at-13.50.13_f5efde90.jpg\" class=\"attachment-large size-large wp-image-2851\" alt=\"\" srcset=\"https:\/\/tts-tools.ro\/wp-content\/uploads\/2025\/05\/WhatsApp-Image-2025-05-09-at-13.50.13_f5efde90.jpg 500w, https:\/\/tts-tools.ro\/wp-content\/uploads\/2025\/05\/WhatsApp-Image-2025-05-09-at-13.50.13_f5efde90-300x300.jpg 300w, https:\/\/tts-tools.ro\/wp-content\/uploads\/2025\/05\/WhatsApp-Image-2025-05-09-at-13.50.13_f5efde90-150x150.jpg 150w, https:\/\/tts-tools.ro\/wp-content\/uploads\/2025\/05\/WhatsApp-Image-2025-05-09-at-13.50.13_f5efde90-12x12.jpg 12w\" sizes=\"(max-width: 500px) 100vw, 500px\" \/>\t\t\t\t\t\t\t\t\t\t\t\t\t<\/div>\n\t\t\t\t<\/div>\n\t\t\t\t\t<\/div>\n\t\t<\/div>\n\t\t\t\t<div class=\"elementor-column elementor-col-33 elementor-top-column elementor-element elementor-element-b07f94b\" data-id=\"b07f94b\" data-element_type=\"column\">\n\t\t\t<div class=\"elementor-widget-wrap elementor-element-populated\">\n\t\t\t\t\t\t<div class=\"elementor-element elementor-element-f2ee393 elementor-widget elementor-widget-image\" data-id=\"f2ee393\" data-element_type=\"widget\" data-widget_type=\"image.default\">\n\t\t\t\t<div class=\"elementor-widget-container\">\n\t\t\t\t\t\t\t\t\t\t\t\t\t<img loading=\"lazy\" decoding=\"async\" width=\"725\" height=\"480\" src=\"https:\/\/tts-tools.ro\/wp-content\/uploads\/2025\/05\/WhatsApp-Image-2025-05-09-at-13.50.13_bfbf6f33.jpg\" class=\"attachment-large size-large wp-image-2850\" alt=\"\" srcset=\"https:\/\/tts-tools.ro\/wp-content\/uploads\/2025\/05\/WhatsApp-Image-2025-05-09-at-13.50.13_bfbf6f33.jpg 725w, https:\/\/tts-tools.ro\/wp-content\/uploads\/2025\/05\/WhatsApp-Image-2025-05-09-at-13.50.13_bfbf6f33-300x199.jpg 300w, https:\/\/tts-tools.ro\/wp-content\/uploads\/2025\/05\/WhatsApp-Image-2025-05-09-at-13.50.13_bfbf6f33-18x12.jpg 18w\" sizes=\"(max-width: 725px) 100vw, 725px\" \/>\t\t\t\t\t\t\t\t\t\t\t\t\t<\/div>\n\t\t\t\t<\/div>\n\t\t\t\t\t<\/div>\n\t\t<\/div>\n\t\t\t\t\t<\/div>\n\t\t<\/section>\n\t\t\t\t<section class=\"elementor-section elementor-top-section elementor-element elementor-element-00216ee elementor-section-boxed elementor-section-height-default elementor-section-height-default\" data-id=\"00216ee\" data-element_type=\"section\">\n\t\t\t\t\t\t<div class=\"elementor-container elementor-column-gap-default\">\n\t\t\t\t\t<div class=\"elementor-column elementor-col-50 elementor-top-column elementor-element elementor-element-4c8bab1\" data-id=\"4c8bab1\" data-element_type=\"column\">\n\t\t\t<div class=\"elementor-widget-wrap elementor-element-populated\">\n\t\t\t\t\t\t<div class=\"elementor-element elementor-element-a10769d elementor-widget elementor-widget-image\" data-id=\"a10769d\" data-element_type=\"widget\" data-widget_type=\"image.default\">\n\t\t\t\t<div class=\"elementor-widget-container\">\n\t\t\t\t\t\t\t\t\t\t\t\t\t<img loading=\"lazy\" decoding=\"async\" width=\"422\" height=\"365\" src=\"https:\/\/tts-tools.ro\/wp-content\/uploads\/2025\/05\/WhatsApp-Image-2025-05-13-at-09.53.53_6db8eb20-e1747288893366.jpg\" class=\"attachment-large size-large wp-image-2981\" alt=\"\" srcset=\"https:\/\/tts-tools.ro\/wp-content\/uploads\/2025\/05\/WhatsApp-Image-2025-05-13-at-09.53.53_6db8eb20-e1747288893366.jpg 422w, https:\/\/tts-tools.ro\/wp-content\/uploads\/2025\/05\/WhatsApp-Image-2025-05-13-at-09.53.53_6db8eb20-e1747288893366-300x259.jpg 300w, https:\/\/tts-tools.ro\/wp-content\/uploads\/2025\/05\/WhatsApp-Image-2025-05-13-at-09.53.53_6db8eb20-e1747288893366-14x12.jpg 14w\" sizes=\"(max-width: 422px) 100vw, 422px\" \/>\t\t\t\t\t\t\t\t\t\t\t\t\t<\/div>\n\t\t\t\t<\/div>\n\t\t\t\t\t<\/div>\n\t\t<\/div>\n\t\t\t\t<div class=\"elementor-column elementor-col-50 elementor-top-column elementor-element elementor-element-04522dd\" data-id=\"04522dd\" data-element_type=\"column\">\n\t\t\t<div class=\"elementor-widget-wrap elementor-element-populated\">\n\t\t\t\t\t\t<div class=\"elementor-element elementor-element-8a85e85 elementor-widget elementor-widget-heading\" data-id=\"8a85e85\" data-element_type=\"widget\" data-widget_type=\"heading.default\">\n\t\t\t\t<div class=\"elementor-widget-container\">\n\t\t\t<h2 class=\"elementor-heading-title elementor-size-default\">SODICK VN 600 Q<\/h2>\t\t<\/div>\n\t\t\t\t<\/div>\n\t\t\t\t<div class=\"elementor-element elementor-element-4630699 elementor-widget elementor-widget-text-editor\" data-id=\"4630699\" data-element_type=\"widget\" data-widget_type=\"text-editor.default\">\n\t\t\t\t<div class=\"elementor-widget-container\">\n\t\t\t\t\t\t\t<p>X\/Y\/Z Axis Travel (mm): 600 x 400 x 310<\/p><p>U\/V Axis Travel (mm):90 x 90<\/p><p>Maximum Workpiece Weight (kg): 850 kg<\/p>\t\t\t\t\t\t<\/div>\n\t\t\t\t<\/div>\n\t\t\t\t\t<\/div>\n\t\t<\/div>\n\t\t\t\t\t<\/div>\n\t\t<\/section>\n\t\t\t\t<section class=\"elementor-section elementor-top-section elementor-element elementor-element-89d7e69 elementor-section-boxed elementor-section-height-default elementor-section-height-default\" data-id=\"89d7e69\" data-element_type=\"section\">\n\t\t\t\t\t\t<div class=\"elementor-container elementor-column-gap-default\">\n\t\t\t\t\t<div class=\"elementor-column elementor-col-100 elementor-top-column elementor-element elementor-element-063cf14\" data-id=\"063cf14\" data-element_type=\"column\">\n\t\t\t<div class=\"elementor-widget-wrap elementor-element-populated\">\n\t\t\t\t\t\t<div class=\"elementor-element elementor-element-72b7242 elementor-align-center elementor-mobile-align-center elementor-widget elementor-widget-button\" data-id=\"72b7242\" data-element_type=\"widget\" data-widget_type=\"button.default\">\n\t\t\t\t<div class=\"elementor-widget-container\">\n\t\t\t\t\t<div class=\"elementor-button-wrapper\">\n\t\t\t<a class=\"elementor-button elementor-button-link elementor-size-sm elementor-animation-float\" href=\"https:\/\/bgcncpro.ro\" target=\"_blank\">\n\t\t\t\t\t\t<span class=\"elementor-button-content-wrapper\">\n\t\t\t\t\t\t<span class=\"elementor-button-text\">cutting tools production<\/span>\n\t\t<\/span>\n\t\t\t\t\t<\/a>\n\t\t<\/div>\n\t\t\t\t<\/div>\n\t\t\t\t<\/div>\n\t\t\t\t\t<\/div>\n\t\t<\/div>\n\t\t\t\t\t<\/div>\n\t\t<\/section>\n\t\t\t\t<\/div>","protected":false},"excerpt":{"rendered":"<p>capacitate de produc\u021bie ANCA FX7 Ultra Tool Length (Max) &#8211; flute length may vary depending on tooling (if applicable): 200 mm (8&#8243;) Max. Tool Capacity (with loader): Fanuc loader: 840 x \u00d8 3 mm 520 x \u00d8 6 mm 221 x \u00d8 12 mm ANCA FX5 Linear Tool Length (Max) &#8211; flute length may vary &hellip;<\/p>\n<p class=\"read-more\"> <a class=\"\" href=\"https:\/\/tts-tools.ro\/en\/capacitate-de-productie-scule-la-tema\/\"> <span class=\"screen-reader-text\">Custom Tool Production &amp; Capacity<\/span> Read More &raquo;<\/a><\/p>","protected":false},"author":2,"featured_media":0,"parent":0,"menu_order":0,"comment_status":"closed","ping_status":"closed","template":"","meta":{"footnotes":""},"_links":{"self":[{"href":"https:\/\/tts-tools.ro\/en\/wp-json\/wp\/v2\/pages\/2992"}],"collection":[{"href":"https:\/\/tts-tools.ro\/en\/wp-json\/wp\/v2\/pages"}],"about":[{"href":"https:\/\/tts-tools.ro\/en\/wp-json\/wp\/v2\/types\/page"}],"author":[{"embeddable":true,"href":"https:\/\/tts-tools.ro\/en\/wp-json\/wp\/v2\/users\/2"}],"replies":[{"embeddable":true,"href":"https:\/\/tts-tools.ro\/en\/wp-json\/wp\/v2\/comments?post=2992"}],"version-history":[{"count":49,"href":"https:\/\/tts-tools.ro\/en\/wp-json\/wp\/v2\/pages\/2992\/revisions"}],"predecessor-version":[{"id":3092,"href":"https:\/\/tts-tools.ro\/en\/wp-json\/wp\/v2\/pages\/2992\/revisions\/3092"}],"wp:attachment":[{"href":"https:\/\/tts-tools.ro\/en\/wp-json\/wp\/v2\/media?parent=2992"}],"curies":[{"name":"wp","href":"https:\/\/api.w.org\/{rel}","templated":true}]}}