{"id":265,"date":"2021-01-04T07:48:23","date_gmt":"2021-01-04T07:48:23","guid":{"rendered":"https:\/\/tts.creare-siteweb.ro\/?page_id=265"},"modified":"2024-03-12T09:56:44","modified_gmt":"2024-03-12T09:56:44","slug":"aplicatii","status":"publish","type":"page","link":"https:\/\/tts-tools.ro\/en\/aplicatii\/","title":{"rendered":"Applications"},"content":{"rendered":"<div data-elementor-type=\"wp-page\" data-elementor-id=\"265\" class=\"elementor elementor-265\" data-elementor-post-type=\"page\">\n\t\t\t\t\t\t<section class=\"elementor-section elementor-top-section elementor-element elementor-element-d8bbc17 elementor-section-boxed elementor-section-height-default elementor-section-height-default\" data-id=\"d8bbc17\" data-element_type=\"section\">\n\t\t\t\t\t\t<div class=\"elementor-container elementor-column-gap-default\">\n\t\t\t\t\t<div class=\"elementor-column elementor-col-100 elementor-top-column elementor-element elementor-element-a2a2ea3\" data-id=\"a2a2ea3\" data-element_type=\"column\">\n\t\t\t<div class=\"elementor-widget-wrap elementor-element-populated\">\n\t\t\t\t\t\t<div class=\"elementor-element elementor-element-801eb21 elementor-widget elementor-widget-heading\" data-id=\"801eb21\" data-element_type=\"widget\" data-widget_type=\"heading.default\">\n\t\t\t\t<div class=\"elementor-widget-container\">\n\t\t\t<h2 class=\"elementor-heading-title elementor-size-default\">PERSONAL CONSULTANCY<\/h2>\t\t<\/div>\n\t\t\t\t<\/div>\n\t\t\t\t<div class=\"elementor-element elementor-element-a9961ff elementor-widget elementor-widget-text-editor\" data-id=\"a9961ff\" data-element_type=\"widget\" data-widget_type=\"text-editor.default\">\n\t\t\t\t<div class=\"elementor-widget-container\">\n\t\t\t\t\t\t\t<p>For each product group, we provide information on tool material qualities, geometries and cutting data, practical advice, which makes daily work easier. The classification by fields of application and work environment serves so that each user can quickly find what they are looking for.<\/p>\t\t\t\t\t\t<\/div>\n\t\t\t\t<\/div>\n\t\t\t\t\t<\/div>\n\t\t<\/div>\n\t\t\t\t\t<\/div>\n\t\t<\/section>\n\t\t\t\t<section class=\"elementor-section elementor-top-section elementor-element elementor-element-7ca25cb elementor-section-boxed elementor-section-height-default elementor-section-height-default\" data-id=\"7ca25cb\" data-element_type=\"section\">\n\t\t\t\t\t\t<div class=\"elementor-container elementor-column-gap-default\">\n\t\t\t\t\t<div class=\"elementor-column elementor-col-100 elementor-top-column elementor-element elementor-element-90fc1ab\" data-id=\"90fc1ab\" data-element_type=\"column\">\n\t\t\t<div class=\"elementor-widget-wrap elementor-element-populated\">\n\t\t\t\t\t\t<div class=\"elementor-element elementor-element-294fe85 elementor-widget elementor-widget-video\" data-id=\"294fe85\" data-element_type=\"widget\" data-settings=\"{&quot;youtube_url&quot;:&quot;https:\\\/\\\/www.youtube.com\\\/watch?v=IpdwaPpkm-A&amp;ab_channel=CERATIZITGroup&quot;,&quot;video_type&quot;:&quot;youtube&quot;,&quot;controls&quot;:&quot;yes&quot;}\" data-widget_type=\"video.default\">\n\t\t\t\t<div class=\"elementor-widget-container\">\n\t\t\t\t\t<div class=\"elementor-wrapper elementor-open-inline\">\n\t\t\t<div class=\"elementor-video\"><\/div>\t\t<\/div>\n\t\t\t\t<\/div>\n\t\t\t\t<\/div>\n\t\t\t\t\t<\/div>\n\t\t<\/div>\n\t\t\t\t\t<\/div>\n\t\t<\/section>\n\t\t\t\t<section class=\"elementor-section elementor-top-section elementor-element elementor-element-c289530 elementor-section-boxed elementor-section-height-default elementor-section-height-default\" data-id=\"c289530\" data-element_type=\"section\">\n\t\t\t\t\t\t<div class=\"elementor-container elementor-column-gap-default\">\n\t\t\t\t\t<div class=\"elementor-column elementor-col-50 elementor-top-column elementor-element elementor-element-dcbc981\" data-id=\"dcbc981\" data-element_type=\"column\">\n\t\t\t<div class=\"elementor-widget-wrap elementor-element-populated\">\n\t\t\t\t\t\t<div class=\"elementor-element elementor-element-930eb31 elementor-widget elementor-widget-html\" data-id=\"930eb31\" data-element_type=\"widget\" data-widget_type=\"html.default\">\n\t\t\t\t<div class=\"elementor-widget-container\">\n\t\t\t<iframe width=\"560\" height=\"320\" src=\"https:\/\/www.youtube.com\/embed\/aYyfTKBzDtg\" title=\"YouTube video player\" frameborder=\"0\" allow=\"accelerometer; autoplay; clipboard-write; encrypted-media; gyroscope; picture-in-picture\" allowfullscreen><\/iframe>\t\t<\/div>\n\t\t\t\t<\/div>\n\t\t\t\t\t<\/div>\n\t\t<\/div>\n\t\t\t\t<div class=\"elementor-column elementor-col-50 elementor-top-column elementor-element elementor-element-971aa5b\" data-id=\"971aa5b\" data-element_type=\"column\">\n\t\t\t<div class=\"elementor-widget-wrap elementor-element-populated\">\n\t\t\t\t\t\t<div class=\"elementor-element elementor-element-b4763f6 elementor-widget elementor-widget-html\" data-id=\"b4763f6\" data-element_type=\"widget\" data-widget_type=\"html.default\">\n\t\t\t\t<div class=\"elementor-widget-container\">\n\t\t\t<iframe width=\"560\" height=\"320\" src=\"https:\/\/www.youtube.com\/embed\/videoseries?list=PL5xUvB__IZWrHM2gSxAuRy6AAEc9n2PH6\" frameborder=\"0\" allow=\"autoplay; encrypted-media\" allowfullscreen><\/iframe>\r\n\t\t<\/div>\n\t\t\t\t<\/div>\n\t\t\t\t\t<\/div>\n\t\t<\/div>\n\t\t\t\t\t<\/div>\n\t\t<\/section>\n\t\t\t\t<section class=\"elementor-section elementor-top-section elementor-element elementor-element-2ebddd5 elementor-section-boxed elementor-section-height-default elementor-section-height-default\" data-id=\"2ebddd5\" data-element_type=\"section\">\n\t\t\t\t\t\t<div class=\"elementor-container elementor-column-gap-default\">\n\t\t\t\t\t<div class=\"elementor-column elementor-col-50 elementor-top-column elementor-element elementor-element-17bd8c5\" data-id=\"17bd8c5\" data-element_type=\"column\">\n\t\t\t<div class=\"elementor-widget-wrap elementor-element-populated\">\n\t\t\t\t\t\t<div class=\"elementor-element elementor-element-8c50035 elementor-widget elementor-widget-html\" data-id=\"8c50035\" data-element_type=\"widget\" data-widget_type=\"html.default\">\n\t\t\t\t<div class=\"elementor-widget-container\">\n\t\t\t<iframe width=\"560\" height=\"320\" src=\"https:\/\/www.youtube.com\/embed\/videoseries?list=PL5xUvB__IZWrug7r6oi4YoioYwRVMXMOa\" frameborder=\"0\" allow=\"autoplay; encrypted-media\" allowfullscreen><\/iframe>\r\n\t\t<\/div>\n\t\t\t\t<\/div>\n\t\t\t\t\t<\/div>\n\t\t<\/div>\n\t\t\t\t<div class=\"elementor-column elementor-col-50 elementor-top-column elementor-element elementor-element-22102cb\" data-id=\"22102cb\" data-element_type=\"column\">\n\t\t\t<div class=\"elementor-widget-wrap elementor-element-populated\">\n\t\t\t\t\t\t<div class=\"elementor-element elementor-element-14691cb elementor-widget elementor-widget-html\" data-id=\"14691cb\" data-element_type=\"widget\" data-widget_type=\"html.default\">\n\t\t\t\t<div class=\"elementor-widget-container\">\n\t\t\t<iframe width=\"560\" height=\"320\" src=\"https:\/\/www.youtube.com\/embed\/videoseries?list=PL5xUvB__IZWoAuHfelSDXLzXH3uGH8yC9\" frameborder=\"0\" allow=\"autoplay; encrypted-media\" allowfullscreen><\/iframe>\r\n\t\t<\/div>\n\t\t\t\t<\/div>\n\t\t\t\t\t<\/div>\n\t\t<\/div>\n\t\t\t\t\t<\/div>\n\t\t<\/section>\n\t\t\t\t<\/div>","protected":false},"excerpt":{"rendered":"<p>CONSULTAN\u0162\u0102 PERSONAL\u0102 La fiecare grup\u0103 de produse d\u0103m informa\u0163ii cu privire la calit\u0103\u0163ile de material scul\u0103, geometrii \u015fi date de a\u015fchiere, respectiv sfaturi practice, care u\u015fureaz\u0103 munca de zi cu zi. Clasificarea dup\u0103 domenii de aplicare \u015fi mediul de lucru serve\u015fte, ca fiecare utilizator s\u0103-\u015fi g\u0103seasc\u0103 rapid ce caut\u0103. https:\/\/www.youtube.com\/watch?v=IpdwaPpkm-A&#038;ab_channel=CERATIZITGroup<\/p>","protected":false},"author":1,"featured_media":0,"parent":0,"menu_order":0,"comment_status":"closed","ping_status":"closed","template":"","meta":{"footnotes":""},"_links":{"self":[{"href":"https:\/\/tts-tools.ro\/en\/wp-json\/wp\/v2\/pages\/265"}],"collection":[{"href":"https:\/\/tts-tools.ro\/en\/wp-json\/wp\/v2\/pages"}],"about":[{"href":"https:\/\/tts-tools.ro\/en\/wp-json\/wp\/v2\/types\/page"}],"author":[{"embeddable":true,"href":"https:\/\/tts-tools.ro\/en\/wp-json\/wp\/v2\/users\/1"}],"replies":[{"embeddable":true,"href":"https:\/\/tts-tools.ro\/en\/wp-json\/wp\/v2\/comments?post=265"}],"version-history":[{"count":33,"href":"https:\/\/tts-tools.ro\/en\/wp-json\/wp\/v2\/pages\/265\/revisions"}],"predecessor-version":[{"id":2304,"href":"https:\/\/tts-tools.ro\/en\/wp-json\/wp\/v2\/pages\/265\/revisions\/2304"}],"wp:attachment":[{"href":"https:\/\/tts-tools.ro\/en\/wp-json\/wp\/v2\/media?parent=265"}],"curies":[{"name":"wp","href":"https:\/\/api.w.org\/{rel}","templated":true}]}}