{"id":126,"date":"2020-12-07T13:47:30","date_gmt":"2020-12-07T13:47:30","guid":{"rendered":"https:\/\/tts.creare-siteweb.ro\/?page_id=126"},"modified":"2025-05-15T13:11:51","modified_gmt":"2025-05-15T13:11:51","slug":"servicii","status":"publish","type":"page","link":"https:\/\/tts-tools.ro\/en\/servicii\/","title":{"rendered":"Services"},"content":{"rendered":"<div data-elementor-type=\"wp-page\" data-elementor-id=\"126\" class=\"elementor elementor-126\" data-elementor-post-type=\"page\">\n\t\t\t\t\t\t<section class=\"elementor-section elementor-top-section elementor-element elementor-element-5e7515e elementor-section-boxed elementor-section-height-default elementor-section-height-default\" data-id=\"5e7515e\" data-element_type=\"section\" data-settings=\"{&quot;background_background&quot;:&quot;classic&quot;}\">\n\t\t\t\t\t\t<div class=\"elementor-container elementor-column-gap-default\">\n\t\t\t\t\t<div class=\"elementor-column elementor-col-100 elementor-top-column elementor-element elementor-element-ede57c0\" data-id=\"ede57c0\" data-element_type=\"column\">\n\t\t\t<div class=\"elementor-widget-wrap elementor-element-populated\">\n\t\t\t\t\t\t<div class=\"elementor-element elementor-element-435441e elementor-widget elementor-widget-heading\" data-id=\"435441e\" data-element_type=\"widget\" data-widget_type=\"heading.default\">\n\t\t\t\t<div class=\"elementor-widget-container\">\n\t\t\t<h2 class=\"elementor-heading-title elementor-size-default\">TTS SERVICES<\/h2>\t\t<\/div>\n\t\t\t\t<\/div>\n\t\t\t\t<div class=\"elementor-element elementor-element-97cd307 elementor-widget-divider--view-line elementor-widget elementor-widget-divider\" data-id=\"97cd307\" data-element_type=\"widget\" data-widget_type=\"divider.default\">\n\t\t\t\t<div class=\"elementor-widget-container\">\n\t\t\t\t\t<div class=\"elementor-divider\">\n\t\t\t<span class=\"elementor-divider-separator\">\n\t\t\t\t\t\t<\/span>\n\t\t<\/div>\n\t\t\t\t<\/div>\n\t\t\t\t<\/div>\n\t\t\t\t<div class=\"elementor-element elementor-element-fa21a85 elementor-hidden-desktop elementor-hidden-tablet elementor-hidden-phone elementor-widget elementor-widget-text-editor\" data-id=\"fa21a85\" data-element_type=\"widget\" data-widget_type=\"text-editor.default\">\n\t\t\t\t<div class=\"elementor-widget-container\">\n\t\t\t\t\t\t\t<p>Necesitatea sculelor de prelucrare prin a\u0219chiere este tot mai mare \u00een domeniile de produc\u021bie, astfel c\u0103 serviciile oferite de TTS Tools vin \u00een \u00eent\u00e2mpinarea clien\u021bilor no\u0219tri cu solu\u021bii personalizate \u0219i \u00eembun\u0103t\u0103\u021bite pentru a optimiza procesele de produc\u021bie.<\/p>\t\t\t\t\t\t<\/div>\n\t\t\t\t<\/div>\n\t\t\t\t<div class=\"elementor-element elementor-element-12c5cc5 elementor-widget elementor-widget-text-editor\" data-id=\"12c5cc5\" data-element_type=\"widget\" data-widget_type=\"text-editor.default\">\n\t\t\t\t<div class=\"elementor-widget-container\">\n\t\t\t\t\t\t\t<p>The services offered by TTS meet our customers with customized solutions to optimize production processes as the need for machining tools is increasing in the production fields:<\/p>\t\t\t\t\t\t<\/div>\n\t\t\t\t<\/div>\n\t\t\t\t<section class=\"elementor-section elementor-inner-section elementor-element elementor-element-541320b elementor-reverse-mobile elementor-section-boxed elementor-section-height-default elementor-section-height-default\" data-id=\"541320b\" data-element_type=\"section\">\n\t\t\t\t\t\t<div class=\"elementor-container elementor-column-gap-default\">\n\t\t\t\t\t<div class=\"elementor-column elementor-col-50 elementor-inner-column elementor-element elementor-element-8992c5b\" data-id=\"8992c5b\" data-element_type=\"column\">\n\t\t\t<div class=\"elementor-widget-wrap elementor-element-populated\">\n\t\t\t\t\t\t<div class=\"elementor-element elementor-element-27d1b9a elementor-view-default elementor-position-top elementor-mobile-position-top elementor-widget elementor-widget-icon-box\" data-id=\"27d1b9a\" data-element_type=\"widget\" data-widget_type=\"icon-box.default\">\n\t\t\t\t<div class=\"elementor-widget-container\">\n\t\t\t\t\t<div class=\"elementor-icon-box-wrapper\">\n\t\t\t\t\t\t<div class=\"elementor-icon-box-icon\">\n\t\t\t\t<a href=\"https:\/\/tts-tools.ro\/en\/contact\/\" class=\"elementor-icon elementor-animation-\" tabindex=\"-1\">\n\t\t\t\t<i aria-hidden=\"true\" class=\"fas fa-user-cog\"><\/i>\t\t\t\t<\/a>\n\t\t\t<\/div>\n\t\t\t\t\t\t<div class=\"elementor-icon-box-content\">\n\t\t\t\t<h3 class=\"elementor-icon-box-title\">\n\t\t\t\t\t<a href=\"https:\/\/tts-tools.ro\/en\/contact\/\" >\n\t\t\t\t\t\tTECHNICAL CONSULTANCY \t\t\t\t\t<\/a>\n\t\t\t\t<\/h3>\n\t\t\t\t\t\t\t\t\t<p class=\"elementor-icon-box-description\">\n\t\t\t\t\t\tWe offer consultancy to our clients because we understand how important it is to receive the right guidance toward the best solutions.\n\nWith years of practical experience, our experts are equipped to evaluate your unique needs and help you optimize production.\t\t\t\t\t<\/p>\n\t\t\t\t\t\t\t<\/div>\n\t\t<\/div>\n\t\t\t\t<\/div>\n\t\t\t\t<\/div>\n\t\t\t\t\t<\/div>\n\t\t<\/div>\n\t\t\t\t<div class=\"elementor-column elementor-col-50 elementor-inner-column elementor-element elementor-element-2ab610a\" data-id=\"2ab610a\" data-element_type=\"column\">\n\t\t\t<div class=\"elementor-widget-wrap elementor-element-populated\">\n\t\t\t\t\t\t<div class=\"elementor-element elementor-element-480cc5b elementor-widget__width-inherit elementor-widget elementor-widget-image\" data-id=\"480cc5b\" data-element_type=\"widget\" data-widget_type=\"image.default\">\n\t\t\t\t<div class=\"elementor-widget-container\">\n\t\t\t\t\t\t\t\t\t\t\t\t\t\t<a href=\"https:\/\/tts-tools.ro\/en\/contact\/\">\n\t\t\t\t\t\t\t<img fetchpriority=\"high\" decoding=\"async\" width=\"616\" height=\"392\" src=\"https:\/\/tts-tools.ro\/wp-content\/uploads\/2025\/05\/WhatsApp-Image-2025-05-15-at-10.17.49_3784715c.jpg\" class=\"attachment-large size-large wp-image-3066\" alt=\"\" srcset=\"https:\/\/tts-tools.ro\/wp-content\/uploads\/2025\/05\/WhatsApp-Image-2025-05-15-at-10.17.49_3784715c.jpg 616w, https:\/\/tts-tools.ro\/wp-content\/uploads\/2025\/05\/WhatsApp-Image-2025-05-15-at-10.17.49_3784715c-300x191.jpg 300w, https:\/\/tts-tools.ro\/wp-content\/uploads\/2025\/05\/WhatsApp-Image-2025-05-15-at-10.17.49_3784715c-18x12.jpg 18w\" sizes=\"(max-width: 616px) 100vw, 616px\" \/>\t\t\t\t\t\t\t\t<\/a>\n\t\t\t\t\t\t\t\t\t\t\t\t\t<\/div>\n\t\t\t\t<\/div>\n\t\t\t\t\t<\/div>\n\t\t<\/div>\n\t\t\t\t\t<\/div>\n\t\t<\/section>\n\t\t\t\t<section class=\"elementor-section elementor-inner-section elementor-element elementor-element-3bc3438 elementor-section-boxed elementor-section-height-default elementor-section-height-default\" data-id=\"3bc3438\" data-element_type=\"section\">\n\t\t\t\t\t\t<div class=\"elementor-container elementor-column-gap-default\">\n\t\t\t\t\t<div class=\"elementor-column elementor-col-50 elementor-inner-column elementor-element elementor-element-c5d765e\" data-id=\"c5d765e\" data-element_type=\"column\">\n\t\t\t<div class=\"elementor-widget-wrap elementor-element-populated\">\n\t\t\t\t\t\t<div class=\"elementor-element elementor-element-8b13c5e elementor-widget__width-inherit elementor-widget elementor-widget-image\" data-id=\"8b13c5e\" data-element_type=\"widget\" data-widget_type=\"image.default\">\n\t\t\t\t<div class=\"elementor-widget-container\">\n\t\t\t\t\t\t\t\t\t\t\t\t\t\t<a href=\"https:\/\/bgcncpro.ro\">\n\t\t\t\t\t\t\t<img decoding=\"async\" width=\"1024\" height=\"703\" src=\"https:\/\/tts-tools.ro\/wp-content\/uploads\/2025\/05\/WhatsApp-Image-2025-05-08-at-16.29.55_b3a77f4e-1024x703.jpg\" class=\"attachment-large size-large wp-image-2579\" alt=\"\" srcset=\"https:\/\/tts-tools.ro\/wp-content\/uploads\/2025\/05\/WhatsApp-Image-2025-05-08-at-16.29.55_b3a77f4e-1024x703.jpg 1024w, https:\/\/tts-tools.ro\/wp-content\/uploads\/2025\/05\/WhatsApp-Image-2025-05-08-at-16.29.55_b3a77f4e-300x206.jpg 300w, https:\/\/tts-tools.ro\/wp-content\/uploads\/2025\/05\/WhatsApp-Image-2025-05-08-at-16.29.55_b3a77f4e-768x528.jpg 768w, https:\/\/tts-tools.ro\/wp-content\/uploads\/2025\/05\/WhatsApp-Image-2025-05-08-at-16.29.55_b3a77f4e-1536x1055.jpg 1536w, https:\/\/tts-tools.ro\/wp-content\/uploads\/2025\/05\/WhatsApp-Image-2025-05-08-at-16.29.55_b3a77f4e-18x12.jpg 18w, https:\/\/tts-tools.ro\/wp-content\/uploads\/2025\/05\/WhatsApp-Image-2025-05-08-at-16.29.55_b3a77f4e.jpg 1600w\" sizes=\"(max-width: 1024px) 100vw, 1024px\" \/>\t\t\t\t\t\t\t\t<\/a>\n\t\t\t\t\t\t\t\t\t\t\t\t\t<\/div>\n\t\t\t\t<\/div>\n\t\t\t\t\t<\/div>\n\t\t<\/div>\n\t\t\t\t<div class=\"elementor-column elementor-col-50 elementor-inner-column elementor-element elementor-element-ddde017\" data-id=\"ddde017\" data-element_type=\"column\">\n\t\t\t<div class=\"elementor-widget-wrap elementor-element-populated\">\n\t\t\t\t\t\t<div class=\"elementor-element elementor-element-d1a6e78 elementor-view-default elementor-position-top elementor-mobile-position-top elementor-widget elementor-widget-icon-box\" data-id=\"d1a6e78\" data-element_type=\"widget\" data-widget_type=\"icon-box.default\">\n\t\t\t\t<div class=\"elementor-widget-container\">\n\t\t\t\t\t<div class=\"elementor-icon-box-wrapper\">\n\t\t\t\t\t\t<div class=\"elementor-icon-box-icon\">\n\t\t\t\t<a href=\"https:\/\/bgcncpro.ro\" class=\"elementor-icon elementor-animation-\" tabindex=\"-1\">\n\t\t\t\t<i aria-hidden=\"true\" class=\"fas fa-screwdriver\"><\/i>\t\t\t\t<\/a>\n\t\t\t<\/div>\n\t\t\t\t\t\t<div class=\"elementor-icon-box-content\">\n\t\t\t\t<h3 class=\"elementor-icon-box-title\">\n\t\t\t\t\t<a href=\"https:\/\/bgcncpro.ro\" >\n\t\t\t\t\t\t CUTTING TOOLS PRODUCTION\t\t\t\t\t<\/a>\n\t\t\t\t<\/h3>\n\t\t\t\t\t\t\t\t\t<p class=\"elementor-icon-box-description\">\n\t\t\t\t\t\tWe are committed to supporting our customers and machine operators with turnkey solutions that enable fast and efficient execution. Our on-the-job tools are designed for quick implementation, ensuring seamless performance.\n\nWe also provide ongoing assistance, ensuring our clients get the most out of the tools we produce.\t\t\t\t\t<\/p>\n\t\t\t\t\t\t\t<\/div>\n\t\t<\/div>\n\t\t\t\t<\/div>\n\t\t\t\t<\/div>\n\t\t\t\t<div class=\"elementor-element elementor-element-d1fd5b8 elementor-align-center elementor-mobile-align-center elementor-absolute elementor-widget elementor-widget-button\" data-id=\"d1fd5b8\" data-element_type=\"widget\" data-settings=\"{&quot;_position&quot;:&quot;absolute&quot;}\" data-widget_type=\"button.default\">\n\t\t\t\t<div class=\"elementor-widget-container\">\n\t\t\t\t\t<div class=\"elementor-button-wrapper\">\n\t\t\t<a class=\"elementor-button elementor-button-link elementor-size-sm elementor-animation-float\" href=\"https:\/\/bgcncpro.ro\" target=\"_blank\">\n\t\t\t\t\t\t<span class=\"elementor-button-content-wrapper\">\n\t\t\t\t\t\t<span class=\"elementor-button-text\">cutting tools production<\/span>\n\t\t<\/span>\n\t\t\t\t\t<\/a>\n\t\t<\/div>\n\t\t\t\t<\/div>\n\t\t\t\t<\/div>\n\t\t\t\t\t<\/div>\n\t\t<\/div>\n\t\t\t\t\t<\/div>\n\t\t<\/section>\n\t\t\t\t<section class=\"elementor-section elementor-inner-section elementor-element elementor-element-d94ab05 elementor-reverse-mobile elementor-section-boxed elementor-section-height-default elementor-section-height-default\" data-id=\"d94ab05\" data-element_type=\"section\">\n\t\t\t\t\t\t<div class=\"elementor-container elementor-column-gap-default\">\n\t\t\t\t\t<div class=\"elementor-column elementor-col-50 elementor-inner-column elementor-element elementor-element-00eea3d\" data-id=\"00eea3d\" data-element_type=\"column\">\n\t\t\t<div class=\"elementor-widget-wrap elementor-element-populated\">\n\t\t\t\t\t\t<div class=\"elementor-element elementor-element-7735955 elementor-view-default elementor-position-top elementor-mobile-position-top elementor-widget elementor-widget-icon-box\" data-id=\"7735955\" data-element_type=\"widget\" data-widget_type=\"icon-box.default\">\n\t\t\t\t<div class=\"elementor-widget-container\">\n\t\t\t\t\t<div class=\"elementor-icon-box-wrapper\">\n\t\t\t\t\t\t<div class=\"elementor-icon-box-icon\">\n\t\t\t\t<a href=\"https:\/\/tts-tools.ro\/en\/reconditionare-scule-aschietoare-scule-la-tema\/\" class=\"elementor-icon elementor-animation-\" tabindex=\"-1\">\n\t\t\t\t<i aria-hidden=\"true\" class=\"fas fa-tools\"><\/i>\t\t\t\t<\/a>\n\t\t\t<\/div>\n\t\t\t\t\t\t<div class=\"elementor-icon-box-content\">\n\t\t\t\t<h3 class=\"elementor-icon-box-title\">\n\t\t\t\t\t<a href=\"https:\/\/tts-tools.ro\/en\/reconditionare-scule-aschietoare-scule-la-tema\/\" >\n\t\t\t\t\t\tTOOL RECONDITIONING \t\t\t\t\t<\/a>\n\t\t\t\t<\/h3>\n\t\t\t\t\t\t\t\t\t<p class=\"elementor-icon-box-description\">\n\t\t\t\t\t\tOur reconditioning program helps maximize the lifecycle of tools, extending their usability and reducing environmental impact.\n\nTools can be reused through reconditioning and eventually recycled, promoting a more sustainable approach.\t\t\t\t\t<\/p>\n\t\t\t\t\t\t\t<\/div>\n\t\t<\/div>\n\t\t\t\t<\/div>\n\t\t\t\t<\/div>\n\t\t\t\t\t<\/div>\n\t\t<\/div>\n\t\t\t\t<div class=\"elementor-column elementor-col-50 elementor-inner-column elementor-element elementor-element-b0b3074\" data-id=\"b0b3074\" data-element_type=\"column\">\n\t\t\t<div class=\"elementor-widget-wrap elementor-element-populated\">\n\t\t\t\t\t\t<div class=\"elementor-element elementor-element-7bdc4fe elementor-widget__width-inherit elementor-widget elementor-widget-image\" data-id=\"7bdc4fe\" data-element_type=\"widget\" data-widget_type=\"image.default\">\n\t\t\t\t<div class=\"elementor-widget-container\">\n\t\t\t\t\t\t\t\t\t\t\t\t\t\t<a href=\"https:\/\/tts-tools.ro\/en\/reconditionare-scule-aschietoare-scule-la-tema\/\">\n\t\t\t\t\t\t\t<img decoding=\"async\" width=\"1024\" height=\"683\" src=\"https:\/\/tts-tools.ro\/wp-content\/uploads\/2025\/05\/WhatsApp-Image-2025-05-08-at-16.11.01_d7e9886c-1024x683.jpg\" class=\"attachment-large size-large wp-image-2583\" alt=\"\" srcset=\"https:\/\/tts-tools.ro\/wp-content\/uploads\/2025\/05\/WhatsApp-Image-2025-05-08-at-16.11.01_d7e9886c-1024x683.jpg 1024w, https:\/\/tts-tools.ro\/wp-content\/uploads\/2025\/05\/WhatsApp-Image-2025-05-08-at-16.11.01_d7e9886c-300x200.jpg 300w, https:\/\/tts-tools.ro\/wp-content\/uploads\/2025\/05\/WhatsApp-Image-2025-05-08-at-16.11.01_d7e9886c-768x512.jpg 768w, https:\/\/tts-tools.ro\/wp-content\/uploads\/2025\/05\/WhatsApp-Image-2025-05-08-at-16.11.01_d7e9886c-1536x1024.jpg 1536w, https:\/\/tts-tools.ro\/wp-content\/uploads\/2025\/05\/WhatsApp-Image-2025-05-08-at-16.11.01_d7e9886c-18x12.jpg 18w, https:\/\/tts-tools.ro\/wp-content\/uploads\/2025\/05\/WhatsApp-Image-2025-05-08-at-16.11.01_d7e9886c.jpg 1600w\" sizes=\"(max-width: 1024px) 100vw, 1024px\" \/>\t\t\t\t\t\t\t\t<\/a>\n\t\t\t\t\t\t\t\t\t\t\t\t\t<\/div>\n\t\t\t\t<\/div>\n\t\t\t\t\t<\/div>\n\t\t<\/div>\n\t\t\t\t\t<\/div>\n\t\t<\/section>\n\t\t\t\t<section class=\"elementor-section elementor-inner-section elementor-element elementor-element-e4cd569 elementor-section-boxed elementor-section-height-default elementor-section-height-default\" data-id=\"e4cd569\" data-element_type=\"section\">\n\t\t\t\t\t\t<div class=\"elementor-container elementor-column-gap-default\">\n\t\t\t\t\t<div class=\"elementor-column elementor-col-50 elementor-inner-column elementor-element elementor-element-a564efb\" data-id=\"a564efb\" data-element_type=\"column\">\n\t\t\t<div class=\"elementor-widget-wrap elementor-element-populated\">\n\t\t\t\t\t\t<div class=\"elementor-element elementor-element-33d147b elementor-widget__width-inherit elementor-widget elementor-widget-image\" data-id=\"33d147b\" data-element_type=\"widget\" data-widget_type=\"image.default\">\n\t\t\t\t<div class=\"elementor-widget-container\">\n\t\t\t\t\t\t\t\t\t\t\t\t\t\t<a href=\"https:\/\/tts-tools.ro\/en\/reciclare-deseuri-carbura\/\">\n\t\t\t\t\t\t\t<img loading=\"lazy\" decoding=\"async\" width=\"1024\" height=\"768\" src=\"https:\/\/tts-tools.ro\/wp-content\/uploads\/2025\/05\/WhatsApp-Image-2025-05-08-at-16.23.58_85ae4e42-1024x768.jpg\" class=\"attachment-large size-large wp-image-2584\" alt=\"\" srcset=\"https:\/\/tts-tools.ro\/wp-content\/uploads\/2025\/05\/WhatsApp-Image-2025-05-08-at-16.23.58_85ae4e42-1024x768.jpg 1024w, https:\/\/tts-tools.ro\/wp-content\/uploads\/2025\/05\/WhatsApp-Image-2025-05-08-at-16.23.58_85ae4e42-300x225.jpg 300w, https:\/\/tts-tools.ro\/wp-content\/uploads\/2025\/05\/WhatsApp-Image-2025-05-08-at-16.23.58_85ae4e42-768x576.jpg 768w, https:\/\/tts-tools.ro\/wp-content\/uploads\/2025\/05\/WhatsApp-Image-2025-05-08-at-16.23.58_85ae4e42-1536x1153.jpg 1536w, https:\/\/tts-tools.ro\/wp-content\/uploads\/2025\/05\/WhatsApp-Image-2025-05-08-at-16.23.58_85ae4e42-16x12.jpg 16w, https:\/\/tts-tools.ro\/wp-content\/uploads\/2025\/05\/WhatsApp-Image-2025-05-08-at-16.23.58_85ae4e42.jpg 1599w\" sizes=\"(max-width: 1024px) 100vw, 1024px\" \/>\t\t\t\t\t\t\t\t<\/a>\n\t\t\t\t\t\t\t\t\t\t\t\t\t<\/div>\n\t\t\t\t<\/div>\n\t\t\t\t\t<\/div>\n\t\t<\/div>\n\t\t\t\t<div class=\"elementor-column elementor-col-50 elementor-inner-column elementor-element elementor-element-8de8ec2 clickable\" data-id=\"8de8ec2\" data-element_type=\"column\">\n\t\t\t<div class=\"elementor-widget-wrap elementor-element-populated\">\n\t\t\t\t\t\t<div class=\"elementor-element elementor-element-b80d7c1 elementor-view-default elementor-position-top elementor-mobile-position-top elementor-widget elementor-widget-icon-box\" data-id=\"b80d7c1\" data-element_type=\"widget\" data-widget_type=\"icon-box.default\">\n\t\t\t\t<div class=\"elementor-widget-container\">\n\t\t\t\t\t<div class=\"elementor-icon-box-wrapper\">\n\t\t\t\t\t\t<div class=\"elementor-icon-box-icon\">\n\t\t\t\t<a href=\"https:\/\/tts-tools.ro\/en\/reciclare-deseuri-carbura\/\" class=\"elementor-icon elementor-animation-\" tabindex=\"-1\">\n\t\t\t\t<i aria-hidden=\"true\" class=\"fas fa-recycle\"><\/i>\t\t\t\t<\/a>\n\t\t\t<\/div>\n\t\t\t\t\t\t<div class=\"elementor-icon-box-content\">\n\t\t\t\t<h3 class=\"elementor-icon-box-title\">\n\t\t\t\t\t<a href=\"https:\/\/tts-tools.ro\/en\/reciclare-deseuri-carbura\/\" >\n\t\t\t\t\t\tRECYCLING SERVICE\t\t\t\t\t<\/a>\n\t\t\t\t<\/h3>\n\t\t\t\t\t\t\t\t\t<p class=\"elementor-icon-box-description\">\n\t\t\t\t\t\tWe hold our own environmental authorization for the collection and recovery of carbide waste, ensuring compliance with regulations and protecting the environment.\n\nWhen a tool shows significant wear and can no longer be used or refurbished, we support our customers by offering a comprehensive carbide recycling service.\t\t\t\t\t<\/p>\n\t\t\t\t\t\t\t<\/div>\n\t\t<\/div>\n\t\t\t\t<\/div>\n\t\t\t\t<\/div>\n\t\t\t\t\t<\/div>\n\t\t<\/div>\n\t\t\t\t\t<\/div>\n\t\t<\/section>\n\t\t\t\t\t<\/div>\n\t\t<\/div>\n\t\t\t\t\t<\/div>\n\t\t<\/section>\n\t\t\t\t<section class=\"elementor-section elementor-top-section elementor-element elementor-element-3d76cb1 elementor-section-boxed elementor-section-height-default elementor-section-height-default\" data-id=\"3d76cb1\" data-element_type=\"section\" data-settings=\"{&quot;background_background&quot;:&quot;classic&quot;}\">\n\t\t\t\t\t\t\t<div class=\"elementor-background-overlay\"><\/div>\n\t\t\t\t\t\t\t<div class=\"elementor-container elementor-column-gap-default\">\n\t\t\t\t\t<div class=\"elementor-column elementor-col-100 elementor-top-column elementor-element elementor-element-6704c64\" data-id=\"6704c64\" data-element_type=\"column\">\n\t\t\t<div class=\"elementor-widget-wrap elementor-element-populated\">\n\t\t\t\t\t\t<div class=\"elementor-element elementor-element-32a874d elementor-widget elementor-widget-text-editor\" data-id=\"32a874d\" data-element_type=\"widget\" data-widget_type=\"text-editor.default\">\n\t\t\t\t<div class=\"elementor-widget-container\">\n\t\t\t\t\t\t\t<p>If you want correct information about our tools, the Tools &amp; Technical Solution specialists are at your disposal with technical details and recommendations, which will be useful in your workshop.<\/p>\t\t\t\t\t\t<\/div>\n\t\t\t\t<\/div>\n\t\t\t\t<div class=\"elementor-element elementor-element-1832e69 elementor-align-center elementor-widget elementor-widget-button\" data-id=\"1832e69\" data-element_type=\"widget\" data-widget_type=\"button.default\">\n\t\t\t\t<div class=\"elementor-widget-container\">\n\t\t\t\t\t<div class=\"elementor-button-wrapper\">\n\t\t\t<a class=\"elementor-button elementor-button-link elementor-size-sm elementor-animation-float\" href=\"https:\/\/tts-tools.ro\/en\/contact\/\">\n\t\t\t\t\t\t<span class=\"elementor-button-content-wrapper\">\n\t\t\t\t\t\t<span class=\"elementor-button-text\">Contact<\/span>\n\t\t<\/span>\n\t\t\t\t\t<\/a>\n\t\t<\/div>\n\t\t\t\t<\/div>\n\t\t\t\t<\/div>\n\t\t\t\t\t<\/div>\n\t\t<\/div>\n\t\t\t\t\t<\/div>\n\t\t<\/section>\n\t\t\t\t<\/div>","protected":false},"excerpt":{"rendered":"<p>Servicii TTS Necesitatea sculelor de prelucrare prin a\u0219chiere este tot mai mare \u00een domeniile de produc\u021bie, astfel c\u0103 serviciile oferite de TTS Tools vin \u00een \u00eent\u00e2mpinarea clien\u021bilor no\u0219tri cu solu\u021bii personalizate \u0219i \u00eembun\u0103t\u0103\u021bite pentru a optimiza procesele de produc\u021bie. Serviciile oferite de TTS vin \u00een \u00eent\u00e2mpinarea clien\u021bilor no\u0219tri cu solu\u021bii personalizate pentru a optimiza procesele &hellip;<\/p>\n<p class=\"read-more\"> <a class=\"\" href=\"https:\/\/tts-tools.ro\/en\/servicii\/\"> <span class=\"screen-reader-text\">Services<\/span> Read More &raquo;<\/a><\/p>","protected":false},"author":1,"featured_media":0,"parent":0,"menu_order":0,"comment_status":"closed","ping_status":"closed","template":"","meta":{"footnotes":""},"_links":{"self":[{"href":"https:\/\/tts-tools.ro\/en\/wp-json\/wp\/v2\/pages\/126"}],"collection":[{"href":"https:\/\/tts-tools.ro\/en\/wp-json\/wp\/v2\/pages"}],"about":[{"href":"https:\/\/tts-tools.ro\/en\/wp-json\/wp\/v2\/types\/page"}],"author":[{"embeddable":true,"href":"https:\/\/tts-tools.ro\/en\/wp-json\/wp\/v2\/users\/1"}],"replies":[{"embeddable":true,"href":"https:\/\/tts-tools.ro\/en\/wp-json\/wp\/v2\/comments?post=126"}],"version-history":[{"count":139,"href":"https:\/\/tts-tools.ro\/en\/wp-json\/wp\/v2\/pages\/126\/revisions"}],"predecessor-version":[{"id":3081,"href":"https:\/\/tts-tools.ro\/en\/wp-json\/wp\/v2\/pages\/126\/revisions\/3081"}],"wp:attachment":[{"href":"https:\/\/tts-tools.ro\/en\/wp-json\/wp\/v2\/media?parent=126"}],"curies":[{"name":"wp","href":"https:\/\/api.w.org\/{rel}","templated":true}]}}